{"id":1028,"date":"2021-02-24T18:08:31","date_gmt":"2021-02-24T18:08:31","guid":{"rendered":"https:\/\/innovacioncomercio.org\/?page_id=1028"},"modified":"2021-05-06T08:43:45","modified_gmt":"2021-05-06T08:43:45","slug":"organizacion-interna","status":"publish","type":"page","link":"https:\/\/innovacioncomercio.org\/index.php\/organizacion-interna\/","title":{"rendered":"Organizaci\u00f3n interna"},"content":{"rendered":"<div class=\"wpb-content-wrapper\">[vc_row][vc_column][vc_custom_heading text=&#8221;ORGANIZACI\u00d3N INTERNA&#8221; font_container=&#8221;tag:h2|text_align:left|color:%23638b8c|line_height:1.25&#8243; google_fonts=&#8221;font_family:Montserrat%3Aregular%2C700|font_style:700%20bold%20regular%3A700%3Anormal&#8221;][vc_column_text]Los \u00f3rganos de gobierno de la C\u00e1tedra son: la Comisi\u00f3n Mixta, la Direcci\u00f3n Acad\u00e9mica la cual ostenta la representaci\u00f3n de la misma y la Direcci\u00f3n T\u00e9cnica.[\/vc_column_text][\/vc_column][\/vc_row][vc_row][vc_column][vc_empty_space][\/vc_column][vc_column width=&#8221;1\/2&#8243;]<div class=\"ult-new-ib ult-ib-effect-style15  ult-ib-resp ult-ib2-min-height \" data-min-width=\"768\" data-max-width=\"900\" style=\"background:#638b8c; opacity:0; \" data-opacity=\"1\" data-hover-opacity=\"0.6\"  data-min-height=\"180\" ><div id=\"interactive-banner-wrap-2563\" class=\"ult-new-ib-desc\" style=\"\"><h2 class=\"ult-new-ib-title ult-responsive\"  data-ultimate-target='#interactive-banner-wrap-2563 .ult-new-ib-title'  data-responsive-json-new='{\"font-size\":\"desktop:20px;\",\"line-height\":\"\"}'  style=\"font-family:&#039;Montserrat&#039;;font-weight:700;color:#ffffff;\">COMISI\u00d3N MIXTA<\/h2><\/div><a class=\"ult-new-ib-link\" href=\"https:\/\/innovacioncomercio.org\/index.php\/comision-mixta\/\" title=\"Comisi\u00f3n mixta\"  ><\/a><\/div>[\/vc_column][vc_column width=&#8221;1\/2&#8243;]<div class=\"ult-new-ib ult-ib-effect-style15  ult-ib-resp ult-ib2-min-height \" data-min-width=\"768\" data-max-width=\"900\" style=\"background:#638b8c; opacity:0; \" data-opacity=\"1\" data-hover-opacity=\"0.6\"  data-min-height=\"180\" ><div id=\"interactive-banner-wrap-6234\" class=\"ult-new-ib-desc\" style=\"\"><h2 class=\"ult-new-ib-title ult-responsive\"  data-ultimate-target='#interactive-banner-wrap-6234 .ult-new-ib-title'  data-responsive-json-new='{\"font-size\":\"desktop:20px;\",\"line-height\":\"\"}'  style=\"font-family:&#039;Montserrat&#039;;font-weight:700;color:#ffffff;\">DIRECCI\u00d3N ACAD\u00c9MICA<\/h2><\/div><a class=\"ult-new-ib-link\" href=\"https:\/\/innovacioncomercio.org\/index.php\/comision-academica\/\" title=\"Comisi\u00f3n mixta\"  ><\/a><\/div>[\/vc_column][vc_column width=&#8221;1\/2&#8243;]<div class=\"ult-new-ib ult-ib-effect-style15  ult-ib-resp ult-ib2-min-height \" data-min-width=\"768\" data-max-width=\"900\" style=\"background:#638b8c; opacity:0; \" data-opacity=\"1\" data-hover-opacity=\"0.6\"  data-min-height=\"180\" ><div id=\"interactive-banner-wrap-6817\" class=\"ult-new-ib-desc\" style=\"\"><h2 class=\"ult-new-ib-title ult-responsive\"  data-ultimate-target='#interactive-banner-wrap-6817 .ult-new-ib-title'  data-responsive-json-new='{\"font-size\":\"desktop:20px;\",\"line-height\":\"\"}'  style=\"font-family:&#039;Montserrat&#039;;font-weight:700;color:#ffffff;\">DIRECCI\u00d3N T\u00c9CNICA<\/h2><\/div><a class=\"ult-new-ib-link\" href=\"https:\/\/innovacioncomercio.org\/index.php\/direccion-tecnica\/\" title=\"Comisi\u00f3n mixta\"  ><\/a><\/div>[\/vc_column][vc_column width=&#8221;1\/2&#8243;]<div class=\"ult-new-ib ult-ib-effect-style15  ult-ib-resp ult-ib2-min-height \" data-min-width=\"768\" data-max-width=\"900\" style=\"background:#638b8c; opacity:0; \" data-opacity=\"1\" data-hover-opacity=\"0.6\"  data-min-height=\"180\" ><div id=\"interactive-banner-wrap-6958\" class=\"ult-new-ib-desc\" style=\"\"><h2 class=\"ult-new-ib-title ult-responsive\"  data-ultimate-target='#interactive-banner-wrap-6958 .ult-new-ib-title'  data-responsive-json-new='{\"font-size\":\"desktop:20px;\",\"line-height\":\"\"}'  style=\"font-family:&#039;Montserrat&#039;;font-weight:700;color:#ffffff;\">COMIT\u00c9 DE EXPERTOS<\/h2><\/div><a class=\"ult-new-ib-link\" href=\"https:\/\/innovacioncomercio.org\/index.php\/comite-de-expertos\/\" title=\"Comisi\u00f3n mixta\"  ><\/a><\/div>[\/vc_column][vc_column][vc_empty_space][\/vc_column][\/vc_row]\n<\/div>","protected":false},"excerpt":{"rendered":"[vc_row][vc_column][vc_custom_heading text=&#8221;ORGANIZACI\u00d3N INTERNA&#8221; font_container=&#8221;tag:h2|text_align:left|color:%23638b8c|line_height:1.25&#8243; google_fonts=&#8221;font_family:Montserrat%3Aregular%2C700|font_style:700%20bold%20regular%3A700%3Anormal&#8221;][vc_column_text]Los \u00f3rganos de gobierno de la C\u00e1tedra son: la Comisi\u00f3n Mixta, la Direcci\u00f3n Acad\u00e9mica la cual ostenta la representaci\u00f3n de la misma y la Direcci\u00f3n T\u00e9cnica.[\/vc_column_text][\/vc_column][\/vc_row][vc_row][vc_column][vc_empty_space][\/vc_column][vc_column width=&#8221;1\/2&#8243;][\/vc_column][vc_column width=&#8221;1\/2&#8243;][\/vc_column][vc_column width=&#8221;1\/2&#8243;][\/vc_column][vc_column width=&#8221;1\/2&#8243;][\/vc_column][vc_column][vc_empty_space][\/vc_column][\/vc_row]\n","protected":false},"author":1,"featured_media":0,"parent":0,"menu_order":0,"comment_status":"closed","ping_status":"closed","template":"","meta":{"_bbp_topic_count":0,"_bbp_reply_count":0,"_bbp_total_topic_count":0,"_bbp_total_reply_count":0,"_bbp_voice_count":0,"_bbp_anonymous_reply_count":0,"_bbp_topic_count_hidden":0,"_bbp_reply_count_hidden":0,"_bbp_forum_subforum_count":0,"content-type":"","footnotes":""},"class_list":["post-1028","page","type-page","status-publish","hentry"],"yoast_head":"<!-- This site is optimized with the Yoast SEO Premium plugin v19.2.1 (Yoast SEO v27.4) - https:\/\/yoast.com\/product\/yoast-seo-premium-wordpress\/ -->\n<title>Organizaci\u00f3n interna - INNOVACION COMERCIO<\/title>\n<meta name=\"robots\" content=\"index, follow, max-snippet:-1, max-image-preview:large, max-video-preview:-1\" \/>\n<link rel=\"canonical\" href=\"https:\/\/innovacioncomercio.org\/index.php\/organizacion-interna\/\" \/>\n<meta property=\"og:locale\" content=\"es_ES\" \/>\n<meta property=\"og:type\" content=\"article\" \/>\n<meta property=\"og:title\" content=\"Organizaci\u00f3n interna\" \/>\n<meta property=\"og:description\" content=\"[vc_row][vc_column][vc_custom_heading text=&#8221;ORGANIZACI\u00d3N INTERNA&#8221; font_container=&#8221;tag:h2|text_align:left|color:%23638b8c|line_height:1.25&#8243; google_fonts=&#8221;font_family:Montserrat%3Aregular%2C700|font_style:700%20bold%20regular%3A700%3Anormal&#8221;][vc_column_text]Los \u00f3rganos de gobierno de la C\u00e1tedra son: la Comisi\u00f3n Mixta, la Direcci\u00f3n Acad\u00e9mica la cual ostenta la representaci\u00f3n de la misma y la Direcci\u00f3n T\u00e9cnica.[\/vc_column_text][\/vc_column][\/vc_row][vc_row][vc_column][vc_empty_space][\/vc_column][vc_column width=&#8221;1\/2&#8243;][\/vc_column][vc_column width=&#8221;1\/2&#8243;][\/vc_column][vc_column width=&#8221;1\/2&#8243;][\/vc_column][vc_column width=&#8221;1\/2&#8243;][\/vc_column][vc_column][vc_empty_space][\/vc_column][\/vc_row]\" \/>\n<meta property=\"og:url\" content=\"https:\/\/innovacioncomercio.org\/index.php\/organizacion-interna\/\" \/>\n<meta property=\"og:site_name\" content=\"INNOVACION COMERCIO\" \/>\n<meta property=\"article:modified_time\" content=\"2021-05-06T08:43:45+00:00\" \/>\n<meta name=\"twitter:card\" content=\"summary_large_image\" \/>\n<meta name=\"twitter:label1\" content=\"Tiempo de lectura\" \/>\n\t<meta name=\"twitter:data1\" content=\"2 minutos\" \/>\n<script type=\"application\/ld+json\" class=\"yoast-schema-graph\">{\"@context\":\"https:\\\/\\\/schema.org\",\"@graph\":[{\"@type\":\"WebPage\",\"@id\":\"https:\\\/\\\/innovacioncomercio.org\\\/index.php\\\/organizacion-interna\\\/\",\"url\":\"https:\\\/\\\/innovacioncomercio.org\\\/index.php\\\/organizacion-interna\\\/\",\"name\":\"Organizaci\u00f3n interna - INNOVACION COMERCIO\",\"isPartOf\":{\"@id\":\"https:\\\/\\\/innovacioncomercio.org\\\/#website\"},\"datePublished\":\"2021-02-24T18:08:31+00:00\",\"dateModified\":\"2021-05-06T08:43:45+00:00\",\"breadcrumb\":{\"@id\":\"https:\\\/\\\/innovacioncomercio.org\\\/index.php\\\/organizacion-interna\\\/#breadcrumb\"},\"inLanguage\":\"es\",\"potentialAction\":[{\"@type\":\"ReadAction\",\"target\":[\"https:\\\/\\\/innovacioncomercio.org\\\/index.php\\\/organizacion-interna\\\/\"]}]},{\"@type\":\"BreadcrumbList\",\"@id\":\"https:\\\/\\\/innovacioncomercio.org\\\/index.php\\\/organizacion-interna\\\/#breadcrumb\",\"itemListElement\":[{\"@type\":\"ListItem\",\"position\":1,\"name\":\"Portada\",\"item\":\"https:\\\/\\\/innovacioncomercio.org\\\/\"},{\"@type\":\"ListItem\",\"position\":2,\"name\":\"Organizaci\u00f3n interna\"}]},{\"@type\":\"WebSite\",\"@id\":\"https:\\\/\\\/innovacioncomercio.org\\\/#website\",\"url\":\"https:\\\/\\\/innovacioncomercio.org\\\/\",\"name\":\"INNOVACION COMERCIO\",\"description\":\"C\u00e1tedra de Innovaci\u00f3n para el Comercio\",\"potentialAction\":[{\"@type\":\"SearchAction\",\"target\":{\"@type\":\"EntryPoint\",\"urlTemplate\":\"https:\\\/\\\/innovacioncomercio.org\\\/?s={search_term_string}\"},\"query-input\":{\"@type\":\"PropertyValueSpecification\",\"valueRequired\":true,\"valueName\":\"search_term_string\"}}],\"inLanguage\":\"es\"}]}<\/script>\n<!-- \/ Yoast SEO Premium plugin. -->","yoast_head_json":{"title":"Organizaci\u00f3n interna - INNOVACION COMERCIO","robots":{"index":"index","follow":"follow","max-snippet":"max-snippet:-1","max-image-preview":"max-image-preview:large","max-video-preview":"max-video-preview:-1"},"canonical":"https:\/\/innovacioncomercio.org\/index.php\/organizacion-interna\/","og_locale":"es_ES","og_type":"article","og_title":"Organizaci\u00f3n interna","og_description":"[vc_row][vc_column][vc_custom_heading text=&#8221;ORGANIZACI\u00d3N INTERNA&#8221; font_container=&#8221;tag:h2|text_align:left|color:%23638b8c|line_height:1.25&#8243; google_fonts=&#8221;font_family:Montserrat%3Aregular%2C700|font_style:700%20bold%20regular%3A700%3Anormal&#8221;][vc_column_text]Los \u00f3rganos de gobierno de la C\u00e1tedra son: la Comisi\u00f3n Mixta, la Direcci\u00f3n Acad\u00e9mica la cual ostenta la representaci\u00f3n de la misma y la Direcci\u00f3n T\u00e9cnica.[\/vc_column_text][\/vc_column][\/vc_row][vc_row][vc_column][vc_empty_space][\/vc_column][vc_column width=&#8221;1\/2&#8243;][\/vc_column][vc_column width=&#8221;1\/2&#8243;][\/vc_column][vc_column width=&#8221;1\/2&#8243;][\/vc_column][vc_column width=&#8221;1\/2&#8243;][\/vc_column][vc_column][vc_empty_space][\/vc_column][\/vc_row]","og_url":"https:\/\/innovacioncomercio.org\/index.php\/organizacion-interna\/","og_site_name":"INNOVACION COMERCIO","article_modified_time":"2021-05-06T08:43:45+00:00","twitter_card":"summary_large_image","twitter_misc":{"Tiempo de lectura":"2 minutos"},"schema":{"@context":"https:\/\/schema.org","@graph":[{"@type":"WebPage","@id":"https:\/\/innovacioncomercio.org\/index.php\/organizacion-interna\/","url":"https:\/\/innovacioncomercio.org\/index.php\/organizacion-interna\/","name":"Organizaci\u00f3n interna - INNOVACION COMERCIO","isPartOf":{"@id":"https:\/\/innovacioncomercio.org\/#website"},"datePublished":"2021-02-24T18:08:31+00:00","dateModified":"2021-05-06T08:43:45+00:00","breadcrumb":{"@id":"https:\/\/innovacioncomercio.org\/index.php\/organizacion-interna\/#breadcrumb"},"inLanguage":"es","potentialAction":[{"@type":"ReadAction","target":["https:\/\/innovacioncomercio.org\/index.php\/organizacion-interna\/"]}]},{"@type":"BreadcrumbList","@id":"https:\/\/innovacioncomercio.org\/index.php\/organizacion-interna\/#breadcrumb","itemListElement":[{"@type":"ListItem","position":1,"name":"Portada","item":"https:\/\/innovacioncomercio.org\/"},{"@type":"ListItem","position":2,"name":"Organizaci\u00f3n interna"}]},{"@type":"WebSite","@id":"https:\/\/innovacioncomercio.org\/#website","url":"https:\/\/innovacioncomercio.org\/","name":"INNOVACION COMERCIO","description":"C\u00e1tedra de Innovaci\u00f3n para el Comercio","potentialAction":[{"@type":"SearchAction","target":{"@type":"EntryPoint","urlTemplate":"https:\/\/innovacioncomercio.org\/?s={search_term_string}"},"query-input":{"@type":"PropertyValueSpecification","valueRequired":true,"valueName":"search_term_string"}}],"inLanguage":"es"}]}},"_links":{"self":[{"href":"https:\/\/innovacioncomercio.org\/index.php\/wp-json\/wp\/v2\/pages\/1028","targetHints":{"allow":["GET"]}}],"collection":[{"href":"https:\/\/innovacioncomercio.org\/index.php\/wp-json\/wp\/v2\/pages"}],"about":[{"href":"https:\/\/innovacioncomercio.org\/index.php\/wp-json\/wp\/v2\/types\/page"}],"author":[{"embeddable":true,"href":"https:\/\/innovacioncomercio.org\/index.php\/wp-json\/wp\/v2\/users\/1"}],"replies":[{"embeddable":true,"href":"https:\/\/innovacioncomercio.org\/index.php\/wp-json\/wp\/v2\/comments?post=1028"}],"version-history":[{"count":6,"href":"https:\/\/innovacioncomercio.org\/index.php\/wp-json\/wp\/v2\/pages\/1028\/revisions"}],"predecessor-version":[{"id":1612,"href":"https:\/\/innovacioncomercio.org\/index.php\/wp-json\/wp\/v2\/pages\/1028\/revisions\/1612"}],"wp:attachment":[{"href":"https:\/\/innovacioncomercio.org\/index.php\/wp-json\/wp\/v2\/media?parent=1028"}],"curies":[{"name":"wp","href":"https:\/\/api.w.org\/{rel}","templated":true}]}}