{"id":1096,"date":"2021-02-25T11:13:52","date_gmt":"2021-02-25T11:13:52","guid":{"rendered":"https:\/\/innovacioncomercio.org\/?page_id=1096"},"modified":"2021-05-04T14:09:11","modified_gmt":"2021-05-04T14:09:11","slug":"suscripcion-a-newsletter","status":"publish","type":"page","link":"https:\/\/innovacioncomercio.org\/index.php\/suscripcion-a-newsletter\/","title":{"rendered":"Suscripci\u00f3n a Newsletter"},"content":{"rendered":"<div class=\"wpb-content-wrapper\">[vc_row][vc_column][vc_custom_heading text=&#8221;SUSCRIPCI\u00d3N A NEWSLETTER&#8221; font_container=&#8221;tag:h2|text_align:left|color:%23638b8c|line_height:1.25&#8243; google_fonts=&#8221;font_family:Montserrat%3Aregular%2C700|font_style:700%20bold%20regular%3A700%3Anormal&#8221;][vc_empty_space][vc_column_text]La Newsletter de la C\u00e1tedra de Innovaci\u00f3n para el Comercio se env\u00eda semanalmente al correo de los miembros de la Red C\u00e1tedra con noticias relevantes y actualizadas sobre el sector comercio.<\/p>\n<p>Permite a los miembros de la Red estar al tanto de las \u00faltimas novedades en el \u00e1mbito de la innovaci\u00f3n del comercio, como: las nuevas tecnolog\u00edas, estad\u00edsticas del sector, tendencias actuales, y otros temas de inter\u00e9s.<\/p>\n<p>Beneficios para los miembros de la Red C\u00e1tedra:<\/p>\n<ul>\n<li><strong>Recibir noticias actualizadas y relevantes<\/strong> para sector comercio directamente en sus correos.<\/li>\n<li><strong>Permite sugerir temas de inter\u00e9s<\/strong> para incluirlos en pr\u00f3ximas Newsletter.<\/li>\n<\/ul>\n<p>La Newsletter es un beneficio reservado a aquellos que se unan a la Red C\u00e1tedra. \u00a1\u00danase ya y disfrute de todas las ventajas que ofrece la Red![\/vc_column_text]<div id=\"modal-trg-txt-wrap-6043\" class=\"ult-modal-input-wrapper ult-adjust-bottom-margin   vc_custom_1619530266696  \" data-keypress-control=\"keypress-control-enable\" data-overlay-control=\"overlay-control-enable\"><button  data-ultimate-target='#modal-trg-txt-wrap-6043 .btn-modal'  data-responsive-json-new='{\"font-size\":\"\",\"line-height\":\"\"}'  style=\"background:#638b8c;border-color:#638b8c;color:#ffffff; font-family:&#039;Montserrat&#039;;font-weight:700;\" data-class-id=\"content-6a01d52d5f1fa7-23728324\" class=\"btn-modal ult-responsive btn-primary btn-modal-md overlay-show ult-align-center btn-id-6a01d52d5f1fa7-23728324\" data-overlay-class=\"overlay-zoomout\">Beneficios Red C\u00e1tedra<\/button><\/div>\n<div class=\"ult-overlay content-6a01d52d5f1fa7-23728324 \" data-class=\"content-6a01d52d5f1fa7-23728324\" id=\"button-click-overlay\" style=\"background:rgba(51,51,51,0.8); display:none;\">\n\t<div class=\"ult_modal ult-fade ult-medium\">\n\t<div class=\"ult-overlay-close popup-top-right\" style=\"width:20px;height:20px;  \"><div class=\"ult-overlay-close-inside\">Close<\/div><\/div>\n\t\t<div id=\"ult-modal-wrap-3412\" class=\"ult_modal-content ult-hide\" style=\"border-style:solid;border-width:2px;border-radius:0px;border-color:#333333;\">\n\t\t\t<div  data-ultimate-target='#ult-modal-wrap-3412 .ult_modal-body'  data-responsive-json-new='{\"font-size\":\"\",\"line-height\":\"\"}'  class=\"ult_modal-body ult-responsive ult-html\" style=\"background:#ffffff;font-family:&#039;Montserrat&#039;;\">\n\t\t\t<strong>\u00bfQu\u00e9 ventajas obtienes si te unes a la Red C\u00e1tedra?<\/strong><\/p>\n<p>&#8211; <strong>Contactos<\/strong> de miembros del sector comercio con los que poder colaborar en distintas iniciativas.<\/p>\n<p>&#8211; <strong>Newsletter semanal e informes mensuales.<\/strong><\/p>\n<p>&#8211; Informaci\u00f3n sobre <strong>subvenciones<\/strong>.<\/p>\n<p>&#8211; <strong>Proponer proyectos e ideas<\/strong> para potenciar la innovaci\u00f3n en el sector.<\/p>\n<p><strong>\u00bfQu\u00e9 das a cambio?<\/strong><br \/>\n\u00danicamente tienes que <a href=\"https:\/\/innovacioncomercio.org\/index.php\/unete\/\">solicitar el alta<\/a>. \u00bfTe lo vas a perder?\n\t\t\t<\/div>\n\t<\/div>\n\t<\/div>\n<\/div>[vc_column_text]\n<p style=\"text-align: center;\"><a href=\"https:\/\/innovacioncomercio.org\/index.php\/unete\/\" target=\"_self\" class=\"button primary is-primary is-large\"  >\n    <span>  \u00danete ya  <\/span>\n  <\/a>\n\n[\/vc_column_text][\/vc_column][\/vc_row]\n<\/div>","protected":false},"excerpt":{"rendered":"[vc_row][vc_column][vc_custom_heading text=&#8221;SUSCRIPCI\u00d3N A NEWSLETTER&#8221; font_container=&#8221;tag:h2|text_align:left|color:%23638b8c|line_height:1.25&#8243; google_fonts=&#8221;font_family:Montserrat%3Aregular%2C700|font_style:700%20bold%20regular%3A700%3Anormal&#8221;][vc_empty_space][vc_column_text]La Newsletter de la C\u00e1tedra de Innovaci\u00f3n para el Comercio se env\u00eda semanalmente al correo de los miembros de la Red C\u00e1tedra con noticias relevantes y actualizadas sobre el sector comercio. Permite a los miembros de la Red estar al tanto de las \u00faltimas novedades en el \u00e1mbito de la<\/p>\n","protected":false},"author":1,"featured_media":0,"parent":0,"menu_order":0,"comment_status":"closed","ping_status":"closed","template":"","meta":{"_bbp_topic_count":0,"_bbp_reply_count":0,"_bbp_total_topic_count":0,"_bbp_total_reply_count":0,"_bbp_voice_count":0,"_bbp_anonymous_reply_count":0,"_bbp_topic_count_hidden":0,"_bbp_reply_count_hidden":0,"_bbp_forum_subforum_count":0,"content-type":"","footnotes":""},"class_list":["post-1096","page","type-page","status-publish","hentry"],"yoast_head":"<!-- This site is optimized with the Yoast SEO Premium plugin v19.2.1 (Yoast SEO v27.5) - https:\/\/yoast.com\/product\/yoast-seo-premium-wordpress\/ -->\n<title>Suscripci\u00f3n a Newsletter - INNOVACION COMERCIO<\/title>\n<meta name=\"robots\" content=\"index, follow, max-snippet:-1, max-image-preview:large, max-video-preview:-1\" \/>\n<link rel=\"canonical\" href=\"https:\/\/innovacioncomercio.org\/index.php\/suscripcion-a-newsletter\/\" \/>\n<meta property=\"og:locale\" content=\"es_ES\" \/>\n<meta property=\"og:type\" content=\"article\" \/>\n<meta property=\"og:title\" content=\"Suscripci\u00f3n a Newsletter\" \/>\n<meta property=\"og:description\" content=\"[vc_row][vc_column][vc_custom_heading text=&#8221;SUSCRIPCI\u00d3N A NEWSLETTER&#8221; font_container=&#8221;tag:h2|text_align:left|color:%23638b8c|line_height:1.25&#8243; google_fonts=&#8221;font_family:Montserrat%3Aregular%2C700|font_style:700%20bold%20regular%3A700%3Anormal&#8221;][vc_empty_space][vc_column_text]La Newsletter de la C\u00e1tedra de Innovaci\u00f3n para el Comercio se env\u00eda semanalmente al correo de los miembros de la Red C\u00e1tedra con noticias relevantes y actualizadas sobre el sector comercio. Permite a los miembros de la Red estar al tanto de las \u00faltimas novedades en el \u00e1mbito de la\" \/>\n<meta property=\"og:url\" content=\"https:\/\/innovacioncomercio.org\/index.php\/suscripcion-a-newsletter\/\" \/>\n<meta property=\"og:site_name\" content=\"INNOVACION COMERCIO\" \/>\n<meta property=\"article:modified_time\" content=\"2021-05-04T14:09:11+00:00\" \/>\n<meta name=\"twitter:card\" content=\"summary_large_image\" \/>\n<meta name=\"twitter:label1\" content=\"Tiempo de lectura\" \/>\n\t<meta name=\"twitter:data1\" content=\"2 minutos\" \/>\n<script type=\"application\/ld+json\" class=\"yoast-schema-graph\">{\"@context\":\"https:\\\/\\\/schema.org\",\"@graph\":[{\"@type\":\"WebPage\",\"@id\":\"https:\\\/\\\/innovacioncomercio.org\\\/index.php\\\/suscripcion-a-newsletter\\\/\",\"url\":\"https:\\\/\\\/innovacioncomercio.org\\\/index.php\\\/suscripcion-a-newsletter\\\/\",\"name\":\"Suscripci\u00f3n a Newsletter - INNOVACION COMERCIO\",\"isPartOf\":{\"@id\":\"https:\\\/\\\/innovacioncomercio.org\\\/#website\"},\"datePublished\":\"2021-02-25T11:13:52+00:00\",\"dateModified\":\"2021-05-04T14:09:11+00:00\",\"breadcrumb\":{\"@id\":\"https:\\\/\\\/innovacioncomercio.org\\\/index.php\\\/suscripcion-a-newsletter\\\/#breadcrumb\"},\"inLanguage\":\"es\",\"potentialAction\":[{\"@type\":\"ReadAction\",\"target\":[\"https:\\\/\\\/innovacioncomercio.org\\\/index.php\\\/suscripcion-a-newsletter\\\/\"]}]},{\"@type\":\"BreadcrumbList\",\"@id\":\"https:\\\/\\\/innovacioncomercio.org\\\/index.php\\\/suscripcion-a-newsletter\\\/#breadcrumb\",\"itemListElement\":[{\"@type\":\"ListItem\",\"position\":1,\"name\":\"Portada\",\"item\":\"https:\\\/\\\/innovacioncomercio.org\\\/\"},{\"@type\":\"ListItem\",\"position\":2,\"name\":\"Suscripci\u00f3n a Newsletter\"}]},{\"@type\":\"WebSite\",\"@id\":\"https:\\\/\\\/innovacioncomercio.org\\\/#website\",\"url\":\"https:\\\/\\\/innovacioncomercio.org\\\/\",\"name\":\"INNOVACION COMERCIO\",\"description\":\"C\u00e1tedra de Innovaci\u00f3n para el Comercio\",\"potentialAction\":[{\"@type\":\"SearchAction\",\"target\":{\"@type\":\"EntryPoint\",\"urlTemplate\":\"https:\\\/\\\/innovacioncomercio.org\\\/?s={search_term_string}\"},\"query-input\":{\"@type\":\"PropertyValueSpecification\",\"valueRequired\":true,\"valueName\":\"search_term_string\"}}],\"inLanguage\":\"es\"}]}<\/script>\n<!-- \/ Yoast SEO Premium plugin. -->","yoast_head_json":{"title":"Suscripci\u00f3n a Newsletter - INNOVACION COMERCIO","robots":{"index":"index","follow":"follow","max-snippet":"max-snippet:-1","max-image-preview":"max-image-preview:large","max-video-preview":"max-video-preview:-1"},"canonical":"https:\/\/innovacioncomercio.org\/index.php\/suscripcion-a-newsletter\/","og_locale":"es_ES","og_type":"article","og_title":"Suscripci\u00f3n a Newsletter","og_description":"[vc_row][vc_column][vc_custom_heading text=&#8221;SUSCRIPCI\u00d3N A NEWSLETTER&#8221; font_container=&#8221;tag:h2|text_align:left|color:%23638b8c|line_height:1.25&#8243; google_fonts=&#8221;font_family:Montserrat%3Aregular%2C700|font_style:700%20bold%20regular%3A700%3Anormal&#8221;][vc_empty_space][vc_column_text]La Newsletter de la C\u00e1tedra de Innovaci\u00f3n para el Comercio se env\u00eda semanalmente al correo de los miembros de la Red C\u00e1tedra con noticias relevantes y actualizadas sobre el sector comercio. Permite a los miembros de la Red estar al tanto de las \u00faltimas novedades en el \u00e1mbito de la","og_url":"https:\/\/innovacioncomercio.org\/index.php\/suscripcion-a-newsletter\/","og_site_name":"INNOVACION COMERCIO","article_modified_time":"2021-05-04T14:09:11+00:00","twitter_card":"summary_large_image","twitter_misc":{"Tiempo de lectura":"2 minutos"},"schema":{"@context":"https:\/\/schema.org","@graph":[{"@type":"WebPage","@id":"https:\/\/innovacioncomercio.org\/index.php\/suscripcion-a-newsletter\/","url":"https:\/\/innovacioncomercio.org\/index.php\/suscripcion-a-newsletter\/","name":"Suscripci\u00f3n a Newsletter - INNOVACION COMERCIO","isPartOf":{"@id":"https:\/\/innovacioncomercio.org\/#website"},"datePublished":"2021-02-25T11:13:52+00:00","dateModified":"2021-05-04T14:09:11+00:00","breadcrumb":{"@id":"https:\/\/innovacioncomercio.org\/index.php\/suscripcion-a-newsletter\/#breadcrumb"},"inLanguage":"es","potentialAction":[{"@type":"ReadAction","target":["https:\/\/innovacioncomercio.org\/index.php\/suscripcion-a-newsletter\/"]}]},{"@type":"BreadcrumbList","@id":"https:\/\/innovacioncomercio.org\/index.php\/suscripcion-a-newsletter\/#breadcrumb","itemListElement":[{"@type":"ListItem","position":1,"name":"Portada","item":"https:\/\/innovacioncomercio.org\/"},{"@type":"ListItem","position":2,"name":"Suscripci\u00f3n a Newsletter"}]},{"@type":"WebSite","@id":"https:\/\/innovacioncomercio.org\/#website","url":"https:\/\/innovacioncomercio.org\/","name":"INNOVACION COMERCIO","description":"C\u00e1tedra de Innovaci\u00f3n para el Comercio","potentialAction":[{"@type":"SearchAction","target":{"@type":"EntryPoint","urlTemplate":"https:\/\/innovacioncomercio.org\/?s={search_term_string}"},"query-input":{"@type":"PropertyValueSpecification","valueRequired":true,"valueName":"search_term_string"}}],"inLanguage":"es"}]}},"_links":{"self":[{"href":"https:\/\/innovacioncomercio.org\/index.php\/wp-json\/wp\/v2\/pages\/1096","targetHints":{"allow":["GET"]}}],"collection":[{"href":"https:\/\/innovacioncomercio.org\/index.php\/wp-json\/wp\/v2\/pages"}],"about":[{"href":"https:\/\/innovacioncomercio.org\/index.php\/wp-json\/wp\/v2\/types\/page"}],"author":[{"embeddable":true,"href":"https:\/\/innovacioncomercio.org\/index.php\/wp-json\/wp\/v2\/users\/1"}],"replies":[{"embeddable":true,"href":"https:\/\/innovacioncomercio.org\/index.php\/wp-json\/wp\/v2\/comments?post=1096"}],"version-history":[{"count":6,"href":"https:\/\/innovacioncomercio.org\/index.php\/wp-json\/wp\/v2\/pages\/1096\/revisions"}],"predecessor-version":[{"id":1607,"href":"https:\/\/innovacioncomercio.org\/index.php\/wp-json\/wp\/v2\/pages\/1096\/revisions\/1607"}],"wp:attachment":[{"href":"https:\/\/innovacioncomercio.org\/index.php\/wp-json\/wp\/v2\/media?parent=1096"}],"curies":[{"name":"wp","href":"https:\/\/api.w.org\/{rel}","templated":true}]}}