{"id":1248,"date":"2021-03-15T14:32:23","date_gmt":"2021-03-15T14:32:23","guid":{"rendered":"https:\/\/innovacioncomercio.org\/?page_id=1248"},"modified":"2021-05-04T14:05:13","modified_gmt":"2021-05-04T14:05:13","slug":"comision-academica","status":"publish","type":"page","link":"https:\/\/innovacioncomercio.org\/index.php\/comision-academica\/","title":{"rendered":"Direcci\u00f3n Acad\u00e9mica"},"content":{"rendered":"<div class=\"wpb-content-wrapper\">[vc_row][vc_column][vc_custom_heading text=&#8221;DIRECCI\u00d3N ACAD\u00c9MICA&#8221; font_container=&#8221;tag:h2|text_align:left|color:%23638b8c|line_height:1.25&#8243; google_fonts=&#8221;font_family:Montserrat%3Aregular%2C700|font_style:700%20bold%20regular%3A700%3Anormal&#8221;][vc_column_text]El Director Acad\u00e9mico es nombrado por el Rectorado de la Universidad, a propuesta de la Comisi\u00f3n Mixta de entre el profesorado doctor de la Universidad de Valladolid y por un per\u00edodo de tres a\u00f1os, renovable por per\u00edodos similares. El <strong>Director Acad\u00e9mico <\/strong>de la C\u00e1tedra ostenta la representaci\u00f3n de la C\u00e1tedra y ejerce las funciones de direcci\u00f3n y gesti\u00f3n ordinaria de la misma.[\/vc_column_text][\/vc_column][vc_column width=&#8221;1\/3&#8243;][vc_single_image image=&#8221;1433&#8243; img_size=&#8221;medium&#8221; alignment=&#8221;center&#8221;][\/vc_column][vc_column width=&#8221;2\/3&#8243;][vc_column_text]Actualmente la Directora Acad\u00e9mica es <strong>Marta Ingelmo Palomares<\/strong>, Profesora Titular en la Facultad de Comercio de la Universidad de Valladolid.[\/vc_column_text][\/vc_column][\/vc_row][vc_row disable_element=&#8221;yes&#8221;][vc_column][vc_column_text]Son competencias del Director Acad\u00e9mico:<\/p>\n<ul>\n<li>Ostentar la representaci\u00f3n de la C\u00e1tedra.<\/li>\n<li>Coordinar y dirigir las actividades de la C\u00e1tedra, de acuerdo con las directrices generales determinadas por la Comisi\u00f3n. Mixta.<\/li>\n<li>Convocar y presidir las sesiones del Pleno de la C\u00e1tedra y de la Comisi\u00f3n Mixta.<\/li>\n<li>Dise\u00f1ar y supervisar, junto al Director T\u00e9cnico, los contenidos de las actividades, programas y proyectos de la C\u00e1tedra.<\/li>\n<li>Responsabilizarse de los bienes de la C\u00e1tedra.<\/li>\n<li>Proponer el nombramiento, de entre sus miembros, del Secretario de la C\u00e1tedra, as\u00ed como su cese previo informe de la Comisi\u00f3n Mixta.<\/li>\n<li>Impulsar la C\u00e1tedra en el \u00e1mbito p\u00fablico y privado a nivel nacional e internacional.<\/li>\n<li>Supervisar el cumplimiento de las previsiones del presupuesto.<\/li>\n<li>Elaborar junto con el Director T\u00e9cnico y presentar a la Comisi\u00f3n Mixta para su aprobaci\u00f3n, el Plan Anual de Actuaciones de la C\u00e1tedra, as\u00ed como la Memoria Anual de Actividades y de su r\u00e9gimen econ\u00f3mico.<\/li>\n<li>Proponer la contrataci\u00f3n con entidades p\u00fablicas o privadas o con personas f\u00edsicas de las actividades que le son propias, previo informe vinculante de la Comisi\u00f3n Mixta.<\/li>\n<li>Proponer, previo informe vinculante de la Comisi\u00f3n Mixta, la contrataci\u00f3n, conforme a la legislaci\u00f3n vigente general y de la UVa, con cargo a los fondos de cada proyecto y por el per\u00edodo de su duraci\u00f3n, de personal especializado o colaborador.<\/li>\n<li>Elevar al Rector anualmente la Memoria de Actividades y de r\u00e9gimen econ\u00f3mico a propuesta de la Comisi\u00f3n Mixta<strong>.<\/strong><\/li>\n<li>Conocer los asuntos que inciden en el funcionamiento de la C\u00e1tedra.<\/li>\n<li>Ejercer cualesquiera otras competencias que le atribuya la legislaci\u00f3n vigente.<\/li>\n<\/ul>\n[\/vc_column_text][\/vc_column][\/vc_row]\n<\/div>","protected":false},"excerpt":{"rendered":"[vc_row][vc_column][vc_custom_heading text=&#8221;DIRECCI\u00d3N ACAD\u00c9MICA&#8221; font_container=&#8221;tag:h2|text_align:left|color:%23638b8c|line_height:1.25&#8243; google_fonts=&#8221;font_family:Montserrat%3Aregular%2C700|font_style:700%20bold%20regular%3A700%3Anormal&#8221;][vc_column_text]El Director Acad\u00e9mico es nombrado por el Rectorado de la Universidad, a propuesta de la Comisi\u00f3n Mixta de entre el profesorado doctor de la Universidad de Valladolid y por un per\u00edodo de tres a\u00f1os, renovable por per\u00edodos similares. El Director Acad\u00e9mico de la C\u00e1tedra ostenta la representaci\u00f3n de la C\u00e1tedra y<\/p>\n","protected":false},"author":1,"featured_media":0,"parent":0,"menu_order":0,"comment_status":"closed","ping_status":"closed","template":"","meta":{"_bbp_topic_count":0,"_bbp_reply_count":0,"_bbp_total_topic_count":0,"_bbp_total_reply_count":0,"_bbp_voice_count":0,"_bbp_anonymous_reply_count":0,"_bbp_topic_count_hidden":0,"_bbp_reply_count_hidden":0,"_bbp_forum_subforum_count":0,"content-type":"","footnotes":""},"class_list":["post-1248","page","type-page","status-publish","hentry"],"yoast_head":"<!-- This site is optimized with the Yoast SEO Premium plugin v19.2.1 (Yoast SEO v27.5) - https:\/\/yoast.com\/product\/yoast-seo-premium-wordpress\/ -->\n<title>Direcci\u00f3n Acad\u00e9mica - INNOVACION COMERCIO<\/title>\n<meta name=\"robots\" content=\"index, follow, max-snippet:-1, max-image-preview:large, max-video-preview:-1\" \/>\n<link rel=\"canonical\" href=\"https:\/\/innovacioncomercio.org\/index.php\/comision-academica\/\" \/>\n<meta property=\"og:locale\" content=\"es_ES\" \/>\n<meta property=\"og:type\" content=\"article\" \/>\n<meta property=\"og:title\" content=\"Direcci\u00f3n Acad\u00e9mica\" \/>\n<meta property=\"og:description\" content=\"[vc_row][vc_column][vc_custom_heading text=&#8221;DIRECCI\u00d3N ACAD\u00c9MICA&#8221; font_container=&#8221;tag:h2|text_align:left|color:%23638b8c|line_height:1.25&#8243; google_fonts=&#8221;font_family:Montserrat%3Aregular%2C700|font_style:700%20bold%20regular%3A700%3Anormal&#8221;][vc_column_text]El Director Acad\u00e9mico es nombrado por el Rectorado de la Universidad, a propuesta de la Comisi\u00f3n Mixta de entre el profesorado doctor de la Universidad de Valladolid y por un per\u00edodo de tres a\u00f1os, renovable por per\u00edodos similares. El Director Acad\u00e9mico de la C\u00e1tedra ostenta la representaci\u00f3n de la C\u00e1tedra y\" \/>\n<meta property=\"og:url\" content=\"https:\/\/innovacioncomercio.org\/index.php\/comision-academica\/\" \/>\n<meta property=\"og:site_name\" content=\"INNOVACION COMERCIO\" \/>\n<meta property=\"article:modified_time\" content=\"2021-05-04T14:05:13+00:00\" \/>\n<meta name=\"twitter:card\" content=\"summary_large_image\" \/>\n<meta name=\"twitter:label1\" content=\"Tiempo de lectura\" \/>\n\t<meta name=\"twitter:data1\" content=\"2 minutos\" \/>\n<script type=\"application\/ld+json\" class=\"yoast-schema-graph\">{\"@context\":\"https:\\\/\\\/schema.org\",\"@graph\":[{\"@type\":\"WebPage\",\"@id\":\"https:\\\/\\\/innovacioncomercio.org\\\/index.php\\\/comision-academica\\\/\",\"url\":\"https:\\\/\\\/innovacioncomercio.org\\\/index.php\\\/comision-academica\\\/\",\"name\":\"Direcci\u00f3n Acad\u00e9mica - INNOVACION COMERCIO\",\"isPartOf\":{\"@id\":\"https:\\\/\\\/innovacioncomercio.org\\\/#website\"},\"datePublished\":\"2021-03-15T14:32:23+00:00\",\"dateModified\":\"2021-05-04T14:05:13+00:00\",\"breadcrumb\":{\"@id\":\"https:\\\/\\\/innovacioncomercio.org\\\/index.php\\\/comision-academica\\\/#breadcrumb\"},\"inLanguage\":\"es\",\"potentialAction\":[{\"@type\":\"ReadAction\",\"target\":[\"https:\\\/\\\/innovacioncomercio.org\\\/index.php\\\/comision-academica\\\/\"]}]},{\"@type\":\"BreadcrumbList\",\"@id\":\"https:\\\/\\\/innovacioncomercio.org\\\/index.php\\\/comision-academica\\\/#breadcrumb\",\"itemListElement\":[{\"@type\":\"ListItem\",\"position\":1,\"name\":\"Portada\",\"item\":\"https:\\\/\\\/innovacioncomercio.org\\\/\"},{\"@type\":\"ListItem\",\"position\":2,\"name\":\"Direcci\u00f3n Acad\u00e9mica\"}]},{\"@type\":\"WebSite\",\"@id\":\"https:\\\/\\\/innovacioncomercio.org\\\/#website\",\"url\":\"https:\\\/\\\/innovacioncomercio.org\\\/\",\"name\":\"INNOVACION COMERCIO\",\"description\":\"C\u00e1tedra de Innovaci\u00f3n para el Comercio\",\"potentialAction\":[{\"@type\":\"SearchAction\",\"target\":{\"@type\":\"EntryPoint\",\"urlTemplate\":\"https:\\\/\\\/innovacioncomercio.org\\\/?s={search_term_string}\"},\"query-input\":{\"@type\":\"PropertyValueSpecification\",\"valueRequired\":true,\"valueName\":\"search_term_string\"}}],\"inLanguage\":\"es\"}]}<\/script>\n<!-- \/ Yoast SEO Premium plugin. -->","yoast_head_json":{"title":"Direcci\u00f3n Acad\u00e9mica - INNOVACION COMERCIO","robots":{"index":"index","follow":"follow","max-snippet":"max-snippet:-1","max-image-preview":"max-image-preview:large","max-video-preview":"max-video-preview:-1"},"canonical":"https:\/\/innovacioncomercio.org\/index.php\/comision-academica\/","og_locale":"es_ES","og_type":"article","og_title":"Direcci\u00f3n Acad\u00e9mica","og_description":"[vc_row][vc_column][vc_custom_heading text=&#8221;DIRECCI\u00d3N ACAD\u00c9MICA&#8221; font_container=&#8221;tag:h2|text_align:left|color:%23638b8c|line_height:1.25&#8243; google_fonts=&#8221;font_family:Montserrat%3Aregular%2C700|font_style:700%20bold%20regular%3A700%3Anormal&#8221;][vc_column_text]El Director Acad\u00e9mico es nombrado por el Rectorado de la Universidad, a propuesta de la Comisi\u00f3n Mixta de entre el profesorado doctor de la Universidad de Valladolid y por un per\u00edodo de tres a\u00f1os, renovable por per\u00edodos similares. El Director Acad\u00e9mico de la C\u00e1tedra ostenta la representaci\u00f3n de la C\u00e1tedra y","og_url":"https:\/\/innovacioncomercio.org\/index.php\/comision-academica\/","og_site_name":"INNOVACION COMERCIO","article_modified_time":"2021-05-04T14:05:13+00:00","twitter_card":"summary_large_image","twitter_misc":{"Tiempo de lectura":"2 minutos"},"schema":{"@context":"https:\/\/schema.org","@graph":[{"@type":"WebPage","@id":"https:\/\/innovacioncomercio.org\/index.php\/comision-academica\/","url":"https:\/\/innovacioncomercio.org\/index.php\/comision-academica\/","name":"Direcci\u00f3n Acad\u00e9mica - INNOVACION COMERCIO","isPartOf":{"@id":"https:\/\/innovacioncomercio.org\/#website"},"datePublished":"2021-03-15T14:32:23+00:00","dateModified":"2021-05-04T14:05:13+00:00","breadcrumb":{"@id":"https:\/\/innovacioncomercio.org\/index.php\/comision-academica\/#breadcrumb"},"inLanguage":"es","potentialAction":[{"@type":"ReadAction","target":["https:\/\/innovacioncomercio.org\/index.php\/comision-academica\/"]}]},{"@type":"BreadcrumbList","@id":"https:\/\/innovacioncomercio.org\/index.php\/comision-academica\/#breadcrumb","itemListElement":[{"@type":"ListItem","position":1,"name":"Portada","item":"https:\/\/innovacioncomercio.org\/"},{"@type":"ListItem","position":2,"name":"Direcci\u00f3n Acad\u00e9mica"}]},{"@type":"WebSite","@id":"https:\/\/innovacioncomercio.org\/#website","url":"https:\/\/innovacioncomercio.org\/","name":"INNOVACION COMERCIO","description":"C\u00e1tedra de Innovaci\u00f3n para el Comercio","potentialAction":[{"@type":"SearchAction","target":{"@type":"EntryPoint","urlTemplate":"https:\/\/innovacioncomercio.org\/?s={search_term_string}"},"query-input":{"@type":"PropertyValueSpecification","valueRequired":true,"valueName":"search_term_string"}}],"inLanguage":"es"}]}},"_links":{"self":[{"href":"https:\/\/innovacioncomercio.org\/index.php\/wp-json\/wp\/v2\/pages\/1248","targetHints":{"allow":["GET"]}}],"collection":[{"href":"https:\/\/innovacioncomercio.org\/index.php\/wp-json\/wp\/v2\/pages"}],"about":[{"href":"https:\/\/innovacioncomercio.org\/index.php\/wp-json\/wp\/v2\/types\/page"}],"author":[{"embeddable":true,"href":"https:\/\/innovacioncomercio.org\/index.php\/wp-json\/wp\/v2\/users\/1"}],"replies":[{"embeddable":true,"href":"https:\/\/innovacioncomercio.org\/index.php\/wp-json\/wp\/v2\/comments?post=1248"}],"version-history":[{"count":12,"href":"https:\/\/innovacioncomercio.org\/index.php\/wp-json\/wp\/v2\/pages\/1248\/revisions"}],"predecessor-version":[{"id":1601,"href":"https:\/\/innovacioncomercio.org\/index.php\/wp-json\/wp\/v2\/pages\/1248\/revisions\/1601"}],"wp:attachment":[{"href":"https:\/\/innovacioncomercio.org\/index.php\/wp-json\/wp\/v2\/media?parent=1248"}],"curies":[{"name":"wp","href":"https:\/\/api.w.org\/{rel}","templated":true}]}}