{"id":1252,"date":"2021-03-15T14:35:29","date_gmt":"2021-03-15T14:35:29","guid":{"rendered":"https:\/\/innovacioncomercio.org\/?page_id=1252"},"modified":"2022-06-17T10:24:24","modified_gmt":"2022-06-17T10:24:24","slug":"direccion-tecnica","status":"publish","type":"page","link":"https:\/\/innovacioncomercio.org\/index.php\/direccion-tecnica\/","title":{"rendered":"Direcci\u00f3n T\u00e9cnica"},"content":{"rendered":"<div class=\"wpb-content-wrapper\">[vc_row][vc_column][vc_custom_heading text=&#8221;DIRECCI\u00d3N T\u00c9CNICA&#8221; font_container=&#8221;tag:h2|text_align:left|color:%23638b8c&#8221; google_fonts=&#8221;font_family:Montserrat%3Aregular%2C700|font_style:700%20bold%20regular%3A700%3Anormal&#8221;][vc_column_text]El <strong>Director T\u00e9cnico<\/strong> asistir\u00e1 en sus funciones y competencias al Director Acad\u00e9mico.[\/vc_column_text][\/vc_column][vc_column width=&#8221;1\/3&#8243;][vc_single_image image=&#8221;2087&#8243; img_size=&#8221;medium&#8221; alignment=&#8221;center&#8221;][\/vc_column][vc_column width=&#8221;2\/3&#8243;][vc_column_text]Actualmente la Directora T\u00e9cnica es <strong>Chanthaly S.Phabmixay S.Phabmixay<\/strong>, Profesora Titular en la Facultad de Comercio de la Universidad de Valladolid.[\/vc_column_text][\/vc_column][\/vc_row][vc_row disable_element=&#8221;yes&#8221;][vc_column][vc_column_text]El cese podr\u00e1 producirse a petici\u00f3n propia, por expiraci\u00f3n del plazo de nombramiento sin renovaci\u00f3n o por decisi\u00f3n del Rector previa consulta a la Comisi\u00f3n Mixta.<\/p>\n<p>Las funciones de la Direcci\u00f3n T\u00e9cnica son las siguientes:<\/p>\n<ul>\n<li>Coordinar y dirigir las actividades relativas a los t\u00e9cnicos de la C\u00e1tedra, de acuerdo con las directrices generales determinadas por la Comisi\u00f3n Mixta<\/li>\n<li>Dise\u00f1ar y supervisar, junto al Director Acad\u00e9mico, los contenidos de las actividades, programas y proyectos de la C\u00e1tedra.<\/li>\n<li>Dirigir y supervisar las actividades del equipo t\u00e9cnico.<\/li>\n<li>Impulsar la C\u00e1tedra en el \u00e1mbito p\u00fablico y privado a nivel nacional e internacional.<\/li>\n<li>Plantear al Director Acad\u00e9mico la contrataci\u00f3n con entidades p\u00fablicas o privadas o con personas f\u00edsicas de las actividades que le son propias, previo informe vinculante de la Comisi\u00f3n Mixta.<\/li>\n<li>Ejercer cualesquiera otras competencias que le atribuya la legislaci\u00f3n vigente.<\/li>\n<li>Asumir las funciones que el Director Acad\u00e9mico de la C\u00e1tedra tenga a bien encomendar en la Direcci\u00f3n T\u00e9cnica de la misma.<\/li>\n<\/ul>\n[\/vc_column_text][\/vc_column][\/vc_row]\n<\/div>","protected":false},"excerpt":{"rendered":"[vc_row][vc_column][vc_custom_heading text=&#8221;DIRECCI\u00d3N T\u00c9CNICA&#8221; font_container=&#8221;tag:h2|text_align:left|color:%23638b8c&#8221; google_fonts=&#8221;font_family:Montserrat%3Aregular%2C700|font_style:700%20bold%20regular%3A700%3Anormal&#8221;][vc_column_text]El Director T\u00e9cnico asistir\u00e1 en sus funciones y competencias al Director Acad\u00e9mico.[\/vc_column_text][\/vc_column][vc_column width=&#8221;1\/3&#8243;][vc_single_image image=&#8221;2087&#8243; img_size=&#8221;medium&#8221; alignment=&#8221;center&#8221;][\/vc_column][vc_column width=&#8221;2\/3&#8243;][vc_column_text]Actualmente la Directora T\u00e9cnica es Chanthaly S.Phabmixay S.Phabmixay, Profesora Titular en la Facultad de Comercio de la Universidad de Valladolid.[\/vc_column_text][\/vc_column][\/vc_row][vc_row disable_element=&#8221;yes&#8221;][vc_column][vc_column_text]El cese podr\u00e1 producirse a petici\u00f3n propia, por expiraci\u00f3n del plazo de nombramiento sin renovaci\u00f3n<\/p>\n","protected":false},"author":1,"featured_media":0,"parent":0,"menu_order":0,"comment_status":"closed","ping_status":"closed","template":"","meta":{"_bbp_topic_count":0,"_bbp_reply_count":0,"_bbp_total_topic_count":0,"_bbp_total_reply_count":0,"_bbp_voice_count":0,"_bbp_anonymous_reply_count":0,"_bbp_topic_count_hidden":0,"_bbp_reply_count_hidden":0,"_bbp_forum_subforum_count":0,"content-type":"","footnotes":""},"class_list":["post-1252","page","type-page","status-publish","hentry"],"yoast_head":"<!-- This site is optimized with the Yoast SEO Premium plugin v19.2.1 (Yoast SEO v27.4) - https:\/\/yoast.com\/product\/yoast-seo-premium-wordpress\/ -->\n<title>Direcci\u00f3n T\u00e9cnica - INNOVACION COMERCIO<\/title>\n<meta name=\"robots\" content=\"index, follow, max-snippet:-1, max-image-preview:large, max-video-preview:-1\" \/>\n<link rel=\"canonical\" href=\"https:\/\/innovacioncomercio.org\/index.php\/direccion-tecnica\/\" \/>\n<meta property=\"og:locale\" content=\"es_ES\" \/>\n<meta property=\"og:type\" content=\"article\" \/>\n<meta property=\"og:title\" content=\"Direcci\u00f3n T\u00e9cnica\" \/>\n<meta property=\"og:description\" content=\"[vc_row][vc_column][vc_custom_heading text=&#8221;DIRECCI\u00d3N T\u00c9CNICA&#8221; font_container=&#8221;tag:h2|text_align:left|color:%23638b8c&#8221; google_fonts=&#8221;font_family:Montserrat%3Aregular%2C700|font_style:700%20bold%20regular%3A700%3Anormal&#8221;][vc_column_text]El Director T\u00e9cnico asistir\u00e1 en sus funciones y competencias al Director Acad\u00e9mico.[\/vc_column_text][\/vc_column][vc_column width=&#8221;1\/3&#8243;][vc_single_image image=&#8221;2087&#8243; img_size=&#8221;medium&#8221; alignment=&#8221;center&#8221;][\/vc_column][vc_column width=&#8221;2\/3&#8243;][vc_column_text]Actualmente la Directora T\u00e9cnica es Chanthaly S.Phabmixay S.Phabmixay, Profesora Titular en la Facultad de Comercio de la Universidad de Valladolid.[\/vc_column_text][\/vc_column][\/vc_row][vc_row disable_element=&#8221;yes&#8221;][vc_column][vc_column_text]El cese podr\u00e1 producirse a petici\u00f3n propia, por expiraci\u00f3n del plazo de nombramiento sin renovaci\u00f3n\" \/>\n<meta property=\"og:url\" content=\"https:\/\/innovacioncomercio.org\/index.php\/direccion-tecnica\/\" \/>\n<meta property=\"og:site_name\" content=\"INNOVACION COMERCIO\" \/>\n<meta property=\"article:modified_time\" content=\"2022-06-17T10:24:24+00:00\" \/>\n<meta name=\"twitter:card\" content=\"summary_large_image\" \/>\n<meta name=\"twitter:label1\" content=\"Tiempo de lectura\" \/>\n\t<meta name=\"twitter:data1\" content=\"2 minutos\" \/>\n<script type=\"application\/ld+json\" class=\"yoast-schema-graph\">{\"@context\":\"https:\\\/\\\/schema.org\",\"@graph\":[{\"@type\":\"WebPage\",\"@id\":\"https:\\\/\\\/innovacioncomercio.org\\\/index.php\\\/direccion-tecnica\\\/\",\"url\":\"https:\\\/\\\/innovacioncomercio.org\\\/index.php\\\/direccion-tecnica\\\/\",\"name\":\"Direcci\u00f3n T\u00e9cnica - INNOVACION COMERCIO\",\"isPartOf\":{\"@id\":\"https:\\\/\\\/innovacioncomercio.org\\\/#website\"},\"datePublished\":\"2021-03-15T14:35:29+00:00\",\"dateModified\":\"2022-06-17T10:24:24+00:00\",\"breadcrumb\":{\"@id\":\"https:\\\/\\\/innovacioncomercio.org\\\/index.php\\\/direccion-tecnica\\\/#breadcrumb\"},\"inLanguage\":\"es\",\"potentialAction\":[{\"@type\":\"ReadAction\",\"target\":[\"https:\\\/\\\/innovacioncomercio.org\\\/index.php\\\/direccion-tecnica\\\/\"]}]},{\"@type\":\"BreadcrumbList\",\"@id\":\"https:\\\/\\\/innovacioncomercio.org\\\/index.php\\\/direccion-tecnica\\\/#breadcrumb\",\"itemListElement\":[{\"@type\":\"ListItem\",\"position\":1,\"name\":\"Portada\",\"item\":\"https:\\\/\\\/innovacioncomercio.org\\\/\"},{\"@type\":\"ListItem\",\"position\":2,\"name\":\"Direcci\u00f3n T\u00e9cnica\"}]},{\"@type\":\"WebSite\",\"@id\":\"https:\\\/\\\/innovacioncomercio.org\\\/#website\",\"url\":\"https:\\\/\\\/innovacioncomercio.org\\\/\",\"name\":\"INNOVACION COMERCIO\",\"description\":\"C\u00e1tedra de Innovaci\u00f3n para el Comercio\",\"potentialAction\":[{\"@type\":\"SearchAction\",\"target\":{\"@type\":\"EntryPoint\",\"urlTemplate\":\"https:\\\/\\\/innovacioncomercio.org\\\/?s={search_term_string}\"},\"query-input\":{\"@type\":\"PropertyValueSpecification\",\"valueRequired\":true,\"valueName\":\"search_term_string\"}}],\"inLanguage\":\"es\"}]}<\/script>\n<!-- \/ Yoast SEO Premium plugin. -->","yoast_head_json":{"title":"Direcci\u00f3n T\u00e9cnica - INNOVACION COMERCIO","robots":{"index":"index","follow":"follow","max-snippet":"max-snippet:-1","max-image-preview":"max-image-preview:large","max-video-preview":"max-video-preview:-1"},"canonical":"https:\/\/innovacioncomercio.org\/index.php\/direccion-tecnica\/","og_locale":"es_ES","og_type":"article","og_title":"Direcci\u00f3n T\u00e9cnica","og_description":"[vc_row][vc_column][vc_custom_heading text=&#8221;DIRECCI\u00d3N T\u00c9CNICA&#8221; font_container=&#8221;tag:h2|text_align:left|color:%23638b8c&#8221; google_fonts=&#8221;font_family:Montserrat%3Aregular%2C700|font_style:700%20bold%20regular%3A700%3Anormal&#8221;][vc_column_text]El Director T\u00e9cnico asistir\u00e1 en sus funciones y competencias al Director Acad\u00e9mico.[\/vc_column_text][\/vc_column][vc_column width=&#8221;1\/3&#8243;][vc_single_image image=&#8221;2087&#8243; img_size=&#8221;medium&#8221; alignment=&#8221;center&#8221;][\/vc_column][vc_column width=&#8221;2\/3&#8243;][vc_column_text]Actualmente la Directora T\u00e9cnica es Chanthaly S.Phabmixay S.Phabmixay, Profesora Titular en la Facultad de Comercio de la Universidad de Valladolid.[\/vc_column_text][\/vc_column][\/vc_row][vc_row disable_element=&#8221;yes&#8221;][vc_column][vc_column_text]El cese podr\u00e1 producirse a petici\u00f3n propia, por expiraci\u00f3n del plazo de nombramiento sin renovaci\u00f3n","og_url":"https:\/\/innovacioncomercio.org\/index.php\/direccion-tecnica\/","og_site_name":"INNOVACION COMERCIO","article_modified_time":"2022-06-17T10:24:24+00:00","twitter_card":"summary_large_image","twitter_misc":{"Tiempo de lectura":"2 minutos"},"schema":{"@context":"https:\/\/schema.org","@graph":[{"@type":"WebPage","@id":"https:\/\/innovacioncomercio.org\/index.php\/direccion-tecnica\/","url":"https:\/\/innovacioncomercio.org\/index.php\/direccion-tecnica\/","name":"Direcci\u00f3n T\u00e9cnica - INNOVACION COMERCIO","isPartOf":{"@id":"https:\/\/innovacioncomercio.org\/#website"},"datePublished":"2021-03-15T14:35:29+00:00","dateModified":"2022-06-17T10:24:24+00:00","breadcrumb":{"@id":"https:\/\/innovacioncomercio.org\/index.php\/direccion-tecnica\/#breadcrumb"},"inLanguage":"es","potentialAction":[{"@type":"ReadAction","target":["https:\/\/innovacioncomercio.org\/index.php\/direccion-tecnica\/"]}]},{"@type":"BreadcrumbList","@id":"https:\/\/innovacioncomercio.org\/index.php\/direccion-tecnica\/#breadcrumb","itemListElement":[{"@type":"ListItem","position":1,"name":"Portada","item":"https:\/\/innovacioncomercio.org\/"},{"@type":"ListItem","position":2,"name":"Direcci\u00f3n T\u00e9cnica"}]},{"@type":"WebSite","@id":"https:\/\/innovacioncomercio.org\/#website","url":"https:\/\/innovacioncomercio.org\/","name":"INNOVACION COMERCIO","description":"C\u00e1tedra de Innovaci\u00f3n para el Comercio","potentialAction":[{"@type":"SearchAction","target":{"@type":"EntryPoint","urlTemplate":"https:\/\/innovacioncomercio.org\/?s={search_term_string}"},"query-input":{"@type":"PropertyValueSpecification","valueRequired":true,"valueName":"search_term_string"}}],"inLanguage":"es"}]}},"_links":{"self":[{"href":"https:\/\/innovacioncomercio.org\/index.php\/wp-json\/wp\/v2\/pages\/1252","targetHints":{"allow":["GET"]}}],"collection":[{"href":"https:\/\/innovacioncomercio.org\/index.php\/wp-json\/wp\/v2\/pages"}],"about":[{"href":"https:\/\/innovacioncomercio.org\/index.php\/wp-json\/wp\/v2\/types\/page"}],"author":[{"embeddable":true,"href":"https:\/\/innovacioncomercio.org\/index.php\/wp-json\/wp\/v2\/users\/1"}],"replies":[{"embeddable":true,"href":"https:\/\/innovacioncomercio.org\/index.php\/wp-json\/wp\/v2\/comments?post=1252"}],"version-history":[{"count":10,"href":"https:\/\/innovacioncomercio.org\/index.php\/wp-json\/wp\/v2\/pages\/1252\/revisions"}],"predecessor-version":[{"id":2163,"href":"https:\/\/innovacioncomercio.org\/index.php\/wp-json\/wp\/v2\/pages\/1252\/revisions\/2163"}],"wp:attachment":[{"href":"https:\/\/innovacioncomercio.org\/index.php\/wp-json\/wp\/v2\/media?parent=1252"}],"curies":[{"name":"wp","href":"https:\/\/api.w.org\/{rel}","templated":true}]}}