{"id":156,"date":"2021-01-27T18:58:24","date_gmt":"2021-01-27T18:58:24","guid":{"rendered":"http:\/\/innovacioncomercio.org\/?page_id=156"},"modified":"2023-11-21T11:58:03","modified_gmt":"2023-11-21T09:58:03","slug":"unete","status":"publish","type":"page","link":"https:\/\/innovacioncomercio.org\/index.php\/unete\/","title":{"rendered":"\u00danete"},"content":{"rendered":"<div class=\"wpb-content-wrapper\">[vc_row][vc_column][vc_custom_heading text=&#8221;\u00daNETE A LA RED&#8221; font_container=&#8221;tag:h2|text_align:left|color:%23638b8c|line_height:1.25&#8243; google_fonts=&#8221;font_family:Montserrat%3Aregular%2C700|font_style:700%20bold%20regular%3A700%3Anormal&#8221;][vc_custom_heading text=&#8221;DERECHOS DE LOS MIEMBROS&#8221; font_container=&#8221;tag:h3|text_align:left|color:%23638b8c|line_height:1.25&#8243; google_fonts=&#8221;font_family:Montserrat%3Aregular%2C700|font_style:400%20regular%3A400%3Anormal&#8221;][vc_column_text]Son derechos de los miembros de la Red C\u00e1tedra:<\/p>\n<ul>\n<li>Participar activamente en los asuntos y aspectos estrat\u00e9gicos de la C\u00e1tedra. Participar en los proyectos de investigaci\u00f3n, docencia, divulgaci\u00f3n y, en general, en todo tipo de actividades programadas por la C\u00e1tedra.<\/li>\n<li>Asistir a los eventos y actividades de la C\u00e1tedra, en los t\u00e9rminos previstos por la Direcci\u00f3n Acad\u00e9mica y T\u00e9cnica.<\/li>\n<li>Recibir el apoyo de la C\u00e1tedra para la difusi\u00f3n de sus actividades innovadoras que guarden relaci\u00f3n con los fines de la C\u00e1tedra, as\u00ed como disponer de un espacio en la p\u00e1gina web de la C\u00e1tedra destinado a los Miembros y un espacio f\u00edsico en la Facultad de Comercio de la Universidad de Valladolid.<\/li>\n<\/ul>\n[\/vc_column_text][vc_custom_heading text=&#8221;DEBERES DE LOS MIEMBROS&#8221; font_container=&#8221;tag:h3|text_align:left|color:%23638b8c|line_height:1.25&#8243; google_fonts=&#8221;font_family:Montserrat%3Aregular%2C700|font_style:400%20regular%3A400%3Anormal&#8221;][vc_column_text]Son deberes de los miembros de la Red C\u00e1tedra:<\/p>\n<ul>\n<li>Velar por el cumplimiento de los fines establecidos.<\/li>\n<li>Realizar las aportaciones econ\u00f3micas en las condiciones y plazos establecidos por la Direcci\u00f3n Acad\u00e9mica y T\u00e9cnica en el caso de ser socios benefactores.<\/li>\n<li>Abstenerse de participar en las actividades, programas, comit\u00e9s o grupos de trabajo en los que ellos o una persona vinculada tenga un conflicto de intereses, directo o indirecto.<\/li>\n<li>Asistir a las reuniones de los \u00f3rganos de que formen parte.<\/li>\n<li>Colaborar en las tareas y actividades que desarrolle la C\u00e1tedra y, en especial, en aquellas que le sean asignadas por los \u00f3rganos de gobierno.<\/li>\n<\/ul>\n<p>*Cuota de adhesi\u00f3n: 3.000\u20ac.[\/vc_column_text][vc_custom_heading text=&#8221;FORMULARIO DE ALTA&#8221; font_container=&#8221;tag:h3|text_align:left|color:%23638b8c|line_height:1.25&#8243; google_fonts=&#8221;font_family:Montserrat%3Aregular%2C700|font_style:400%20regular%3A400%3Anormal&#8221;]<div data-id=\"mpc_testimonial-3969f9b6133dd71\" class=\"mpc-testimonial mpc-init mpc-transition mpc-testimonial--style_2 \" ><div class=\" mpc-testimonial__thumbnail\"><\/div><div class=\"mpc-testimonial__content mpc-typography--mpc_preset_25\"><div class=\"mpc-testimonial__description\"><p>Para ser miembro, debe ser aprobado por la Direcci\u00f3n Acad\u00e9mica y T\u00e9cnica previa solicitud del interesado.<\/p>\n<\/div><div class=\"mpc-testimonial__signature mpc-typography--mpc_preset_20\"><span><\/span><\/div><\/div><\/div>[vc_empty_space][\/vc_column][vc_column width=&#8221;2\/3&#8243;]\n                <div class='gf_browser_gecko gform_wrapper' id='gform_wrapper_2' style='display:none'><form method='post' enctype='multipart\/form-data'  id='gform_2'  action='\/index.php\/wp-json\/wp\/v2\/pages\/156'> \r\n <input type='hidden' class='gforms-pum' value='{\"closepopup\":false,\"closedelay\":0,\"openpopup\":false,\"openpopup_id\":0}' \/>\n                        <div class='gform_body'><ul id='gform_fields_2' class='gform_fields top_label form_sublabel_below description_below'><li id='field_2_1'  class='gfield gf_left_half gfield_contains_required field_sublabel_below field_description_below gfield_visibility_visible' ><label class='gfield_label gfield_label_before_complex'  >Persona de contacto.<span class='gfield_required'>*<\/span><\/label><div class='ginput_complex ginput_container no_prefix has_first_name no_middle_name has_last_name no_suffix gf_name_has_2 ginput_container_name' id='input_2_1'>\n                            \n                            <span id='input_2_1_3_container' class='name_first' >\n                                                    <input type='text' name='input_1.3' id='input_2_1_3' value='' aria-label='Nombre'   aria-required=\"true\" aria-invalid=\"false\" \/>\n                                                    <label for='input_2_1_3' >Nombre<\/label>\n                                                <\/span>\n                            \n                            <span id='input_2_1_6_container' class='name_last' >\n                                                    <input type='text' name='input_1.6' id='input_2_1_6' value='' aria-label='Apellidos'   aria-required=\"true\" aria-invalid=\"false\" \/>\n                                                    <label for='input_2_1_6' >Apellidos<\/label>\n                                                <\/span>\n                            \n                        <\/div><\/li><li id='field_2_12'  class='gfield gf_left_third gfield_contains_required field_sublabel_below field_description_below gfield_visibility_visible' ><label class='gfield_label' for='input_2_12' >Vinculaci\u00f3n al Sector Comercio:<span class='gfield_required'>*<\/span><\/label><div class='ginput_container ginput_container_select'><select name='input_12' id='input_2_12' class='small gfield_select'   aria-required=\"true\" aria-invalid=\"false\"><option value='Administraci\u00f3n p\u00fablica' >Administraci\u00f3n p\u00fablica<\/option><option value='Asociaci\u00f3n empresarial' >Asociaci\u00f3n empresarial<\/option><option value='Empresa' >Empresa<\/option><option value='Experto' >Experto<\/option><option value='Otros' >Otros<\/option><\/select><\/div><\/li><li id='field_2_7'  class='gfield gf_right_half field_sublabel_below field_description_below gfield_visibility_visible' ><label class='gfield_label' for='input_2_7' >DNI<\/label><div class='ginput_container ginput_container_text'><input name='input_7' id='input_2_7' type='text' value='' class='small'      aria-invalid=\"false\" \/><\/div><\/li><li id='field_2_14'  class='gfield gf_middle_third gfield_contains_required field_sublabel_below field_description_below gfield_visibility_visible' ><label class='gfield_label' for='input_2_14' >Adjunte su CV (max: 20MB)<span class='gfield_required'>*<\/span><\/label><div class='ginput_container ginput_container_fileupload'><input type='hidden' name='MAX_FILE_SIZE' value='33554432' \/><input name='input_14' id='input_2_14' type='file' class='medium' aria-describedby='validation_message_2_14 live_validation_message_2_14 extensions_message_2_14' onchange='javascript:gformValidateFileSize( this, 33554432 );'  \/><span id='extensions_message_2_14' class='screen-reader-text'><\/span><div class='validation_message' id='live_validation_message_2_14'><\/div><\/div><\/li><li id='field_2_8'  class='gfield gf_middle_third gfield_contains_required field_sublabel_below field_description_below gfield_visibility_visible' ><label class='gfield_label' for='input_2_8' >Empresa\/ Entidad a la que representa<span class='gfield_required'>*<\/span><\/label><div class='ginput_container ginput_container_text'><input name='input_8' id='input_2_8' type='text' value='' class='medium'     aria-required=\"true\" aria-invalid=\"false\" \/><\/div><\/li><li id='field_2_9'  class='gfield gf_middle_third field_sublabel_below field_description_below gfield_visibility_visible' ><label class='gfield_label' for='input_2_9' >CIF<\/label><div class='ginput_container ginput_container_text'><input name='input_9' id='input_2_9' type='text' value='' class='small'      aria-invalid=\"false\" \/><\/div><\/li><li id='field_2_18'  class='gfield field_sublabel_below field_description_below gfield_visibility_visible' ><label class='gfield_label' for='input_2_18' >Direcci\u00f3n<\/label><div class='ginput_container ginput_container_text'><input name='input_18' id='input_2_18' type='text' value='' class='large'      aria-invalid=\"false\" \/><\/div><\/li><li id='field_2_22'  class='gfield gf_left_third field_sublabel_below field_description_below gfield_visibility_visible' ><label class='gfield_label' for='input_2_22' >C\u00f3digo Postal<\/label><div class='ginput_container ginput_container_text'><input name='input_22' id='input_2_22' type='text' value='' class='medium'      aria-invalid=\"false\" \/><\/div><\/li><li id='field_2_19'  class='gfield gf_middle_third gfield_contains_required field_sublabel_below field_description_below gfield_visibility_visible' ><label class='gfield_label' for='input_2_19' >Ciudad<span class='gfield_required'>*<\/span><\/label><div class='ginput_container ginput_container_text'><input name='input_19' id='input_2_19' type='text' value='' class='medium'     aria-required=\"true\" aria-invalid=\"false\" \/><\/div><\/li><li id='field_2_20'  class='gfield gf_right_third field_sublabel_below field_description_below gfield_visibility_visible' ><label class='gfield_label' for='input_2_20' >Provincia<\/label><div class='ginput_container ginput_container_text'><input name='input_20' id='input_2_20' type='text' value='' class='medium'      aria-invalid=\"false\" \/><\/div><\/li><li id='field_2_3'  class='gfield gf_left_third gfield_contains_required field_sublabel_below field_description_below gfield_visibility_visible' ><label class='gfield_label' for='input_2_3' >Email de contacto.<span class='gfield_required'>*<\/span><\/label><div class='ginput_container ginput_container_email'>\n                            <input name='input_3' id='input_2_3' type='text' value='' class='small'    aria-required=\"true\" aria-invalid=\"false\" \/>\n                        <\/div><\/li><li id='field_2_4'  class='gfield gf_middle_third field_sublabel_below field_description_below gfield_visibility_visible' ><label class='gfield_label' for='input_2_4' >Tel\u00e9fono de contacto.<\/label><div class='ginput_container ginput_container_phone'><input name='input_4' id='input_2_4' type='text' value='' class='small'    aria-invalid=\"false\"  \/><\/div><\/li><li id='field_2_17'  class='gfield gf_list_3col gf_right_third gfield_contains_required field_sublabel_below field_description_below gfield_visibility_visible' ><label class='gfield_label'  >\u00bfQuiere ser miembro benefactor?<span class='gfield_required'>*<\/span><\/label><div class='ginput_container ginput_container_radio'><ul class='gfield_radio' id='input_2_17'><li class='gchoice_2_17_0'><input name='input_17' type='radio' value='S\u00ed'  id='choice_2_17_0'    \/><label for='choice_2_17_0' id='label_2_17_0'>S\u00ed<\/label><\/li><li class='gchoice_2_17_1'><input name='input_17' type='radio' value='No'  id='choice_2_17_1'    \/><label for='choice_2_17_1' id='label_2_17_1'>No<\/label><\/li><\/ul><\/div><\/li><li id='field_2_23'  class='gfield gfield_html gfield_html_formatted gfield_no_follows_desc field_sublabel_below field_description_below gfield_visibility_visible' ><p><strong>Beneficios de los miembros benefactores:<\/strong><\/p>\n<p>Los miembros benefactores o protectores tienen la oportunidad de asistir a las reuniones del Comit&eacute; de expertos que se celebran peri&oacute;dicamente y en las que se analizan la evoluci&oacute;n y tendencias del sector, adem&aacute;s de presentar los proyectos m&aacute;s innovadores puestos en marcha recientemente en el sector.<\/p>\n<p><strong>Deberes de los miembros benefactores:<\/strong><\/p>\n<p>Los miembros benefactores asumir&aacute;n el compromiso de contribuir al cumplimiento de los fines y objetivos de la C&aacute;tedra mediante la realizaci&oacute;n de aportaciones de car&aacute;cter econ&oacute;mico.<\/p>\n<p>Se comprometen a realizar una aportaci&oacute;n m&iacute;nima de 3.000 &euro; por un per&iacute;odo de cuatro a&ntilde;os renovable. Dicha aportaci&oacute;n ser&aacute; considerada como una aportaci&oacute;n para el mantenimiento de las actividades generales de la C&aacute;tedra.<\/p><\/li><li id='field_2_21'  class='gfield gfield_contains_required field_sublabel_below field_description_below gfield_visibility_visible' ><label class='gfield_label'  >Informaci\u00f3n de protecci\u00f3n de datos<span class='gfield_required'>*<\/span><\/label><div class='ginput_container ginput_container_checkbox'><ul class='gfield_checkbox' id='input_2_21'><li class='gchoice_2_21_1'>\n\t\t\t\t\t\t\t\t<input name='input_21.1' type='checkbox'  value='Acepto y consiento el tratamiento de mis datos personales &lt;a href=&quot;https:\/\/innovacioncomercio.org\/index.php\/advertencias-legales-y-politica-de-privacidad\/&quot;&gt;&lt;u&gt;(Aviso legal y politicas de privacidad y protecci\u00f3n de datos)&lt;\/u&gt;&lt;\/a&gt;.'  id='choice_2_21_1'   \/>\n\t\t\t\t\t\t\t\t<label for='choice_2_21_1' id='label_2_21_1'>Acepto y consiento el tratamiento de mis datos personales <a href=\"https:\/\/innovacioncomercio.org\/index.php\/advertencias-legales-y-politica-de-privacidad\/\"><u>(Aviso legal y politicas de privacidad y protecci\u00f3n de datos)<\/u><\/a>.<\/label>\n\t\t\t\t\t\t\t<\/li><\/ul><\/div><\/li><li id='field_2_24'  class='gfield field_sublabel_below field_description_below gfield_visibility_visible' ><label class='gfield_label' for='input_2_24' >CAPTCHA<\/label><div id='input_2_24' class='ginput_container ginput_recaptcha' data-sitekey='6LdrEQ4pAAAAANeWXEIdVNH_86d76S-Xi3lhFfKK'  data-theme='light' data-tabindex='0'  data-badge=''><\/div><\/li>\n                            <\/ul><\/div>\n        <div class='gform_footer top_label'> <input type='submit' id='gform_submit_button_2' class='gform_button button' value='Enviar'  onclick='if(window[\"gf_submitting_2\"]){return false;}  window[\"gf_submitting_2\"]=true;  ' onkeypress='if( event.keyCode == 13 ){ if(window[\"gf_submitting_2\"]){return false;} window[\"gf_submitting_2\"]=true;  jQuery(\"#gform_2\").trigger(\"submit\",[true]); }' \/> \n            <input type='hidden' class='gform_hidden' name='is_submit_2' value='1' \/>\n            <input type='hidden' class='gform_hidden' name='gform_submit' value='2' \/>\n            \n            <input type='hidden' class='gform_hidden' name='gform_unique_id' value='' \/>\n            <input type='hidden' class='gform_hidden' name='state_2' value='WyJbXSIsImJmMjUyNjhlNzlhMmFhNmU1MjRhZTZiMDRiNWE3NTBlIl0=' \/>\n            <input type='hidden' class='gform_hidden' name='gform_target_page_number_2' id='gform_target_page_number_2' value='0' \/>\n            <input type='hidden' class='gform_hidden' name='gform_source_page_number_2' id='gform_source_page_number_2' value='1' \/>\n            <input type='hidden' name='gform_field_values' value='' \/>\n            \n        <\/div>\n                        <\/form>\n                        <\/div><script type='text\/javascript'> jQuery(document).bind('gform_post_render', function(event, formId, currentPage){if(formId == 2) {gf_global[\"number_formats\"][2] = {\"1\":{\"price\":false,\"value\":false},\"12\":{\"price\":false,\"value\":false},\"7\":{\"price\":false,\"value\":false},\"14\":{\"price\":false,\"value\":false},\"8\":{\"price\":false,\"value\":false},\"9\":{\"price\":false,\"value\":false},\"18\":{\"price\":false,\"value\":false},\"22\":{\"price\":false,\"value\":false},\"19\":{\"price\":false,\"value\":false},\"20\":{\"price\":false,\"value\":false},\"3\":{\"price\":false,\"value\":false},\"4\":{\"price\":false,\"value\":false},\"17\":{\"price\":false,\"value\":false},\"23\":{\"price\":false,\"value\":false},\"21\":{\"price\":false,\"value\":false},\"24\":{\"price\":false,\"value\":false}};if(window['jQuery']){if(!window['gf_form_conditional_logic'])window['gf_form_conditional_logic'] = new Array();window['gf_form_conditional_logic'][2] = { logic: { 7: {\"field\":{\"actionType\":\"show\",\"logicType\":\"all\",\"rules\":[{\"fieldId\":\"12\",\"operator\":\"is\",\"value\":\"Experto\"}]},\"nextButton\":null,\"section\":null},14: {\"field\":{\"actionType\":\"show\",\"logicType\":\"all\",\"rules\":[{\"fieldId\":\"12\",\"operator\":\"is\",\"value\":\"Experto\"}]},\"nextButton\":null,\"section\":null},8: {\"field\":{\"actionType\":\"show\",\"logicType\":\"any\",\"rules\":[{\"fieldId\":\"12\",\"operator\":\"is\",\"value\":\"Administraci\\u00f3n p\\u00fablica\"},{\"fieldId\":\"12\",\"operator\":\"is\",\"value\":\"Asociaci\\u00f3n empresarial\"},{\"fieldId\":\"12\",\"operator\":\"is\",\"value\":\"Empresa\"},{\"fieldId\":\"12\",\"operator\":\"is\",\"value\":\"Otros\"}]},\"nextButton\":null,\"section\":null},9: {\"field\":{\"actionType\":\"show\",\"logicType\":\"any\",\"rules\":[{\"fieldId\":\"12\",\"operator\":\"is\",\"value\":\"Administraci\\u00f3n p\\u00fablica\"},{\"fieldId\":\"12\",\"operator\":\"is\",\"value\":\"Asociaci\\u00f3n empresarial\"},{\"fieldId\":\"12\",\"operator\":\"is\",\"value\":\"Empresa\"},{\"fieldId\":\"12\",\"operator\":\"is\",\"value\":\"Otros\"}]},\"nextButton\":null,\"section\":null},23: {\"field\":{\"actionType\":\"show\",\"logicType\":\"all\",\"rules\":[{\"fieldId\":\"17\",\"operator\":\"is\",\"value\":\"S\\u00ed\"}]},\"nextButton\":null,\"section\":null} }, dependents: { 7: [7],14: [14],8: [8],9: [9],23: [23] }, animation: 0, defaults: {\"1\":{\"1.2\":\"\",\"1.3\":\"\",\"1.4\":\"\",\"1.6\":\"\",\"1.8\":\"\"}}, fields: {\"1\":[],\"12\":[7,14,8,9],\"7\":[],\"14\":[],\"8\":[],\"9\":[],\"18\":[],\"22\":[],\"19\":[],\"20\":[],\"3\":[],\"4\":[],\"17\":[23],\"23\":[],\"21\":[],\"24\":[]} }; if(!window['gf_number_format'])window['gf_number_format'] = 'decimal_comma';jQuery(document).ready(function(){gf_apply_rules(2, [7,14,8,9,23], true);jQuery('#gform_wrapper_2').show();jQuery(document).trigger('gform_post_conditional_logic', [2, null, true]);} );} jQuery('#input_2_7').mask('99999999a').bind('keypress', function(e){if(e.which == 13){jQuery(this).blur();} } );} } );jQuery(document).bind('gform_post_conditional_logic', function(event, formId, fields, isInit){} );<\/script><script type='text\/javascript'> jQuery(document).ready(function(){jQuery(document).trigger('gform_post_render', [2, 1]) } ); <\/script>[\/vc_column][vc_column width=&#8221;1\/3&#8243;][vc_single_image image=&#8221;960&#8243; img_size=&#8221;full&#8221; alignment=&#8221;center&#8221; style=&#8221;vc_box_shadow&#8221;][\/vc_column][vc_column][\/vc_column][\/vc_row]\n<\/div>","protected":false},"excerpt":{"rendered":"[vc_row][vc_column][vc_custom_heading text=&#8221;\u00daNETE A LA RED&#8221; font_container=&#8221;tag:h2|text_align:left|color:%23638b8c|line_height:1.25&#8243; google_fonts=&#8221;font_family:Montserrat%3Aregular%2C700|font_style:700%20bold%20regular%3A700%3Anormal&#8221;][vc_custom_heading text=&#8221;DERECHOS DE LOS MIEMBROS&#8221; font_container=&#8221;tag:h3|text_align:left|color:%23638b8c|line_height:1.25&#8243; google_fonts=&#8221;font_family:Montserrat%3Aregular%2C700|font_style:400%20regular%3A400%3Anormal&#8221;][vc_column_text]Son derechos de los miembros de la Red C\u00e1tedra: Participar activamente en los asuntos y aspectos estrat\u00e9gicos de la C\u00e1tedra. Participar en los proyectos de investigaci\u00f3n, docencia, divulgaci\u00f3n y, en general, en todo tipo de actividades programadas por la C\u00e1tedra. Asistir a los<\/p>\n","protected":false},"author":1,"featured_media":0,"parent":0,"menu_order":0,"comment_status":"closed","ping_status":"closed","template":"","meta":{"_bbp_topic_count":0,"_bbp_reply_count":0,"_bbp_total_topic_count":0,"_bbp_total_reply_count":0,"_bbp_voice_count":0,"_bbp_anonymous_reply_count":0,"_bbp_topic_count_hidden":0,"_bbp_reply_count_hidden":0,"_bbp_forum_subforum_count":0,"content-type":"","footnotes":""},"class_list":["post-156","page","type-page","status-publish","hentry"],"yoast_head":"<!-- This site is optimized with the Yoast SEO Premium plugin v19.2.1 (Yoast SEO v27.5) - https:\/\/yoast.com\/product\/yoast-seo-premium-wordpress\/ -->\n<title>\u00danete - INNOVACION COMERCIO<\/title>\n<meta name=\"robots\" content=\"index, follow, max-snippet:-1, max-image-preview:large, max-video-preview:-1\" \/>\n<link rel=\"canonical\" href=\"https:\/\/innovacioncomercio.org\/index.php\/unete\/\" \/>\n<meta property=\"og:locale\" content=\"es_ES\" \/>\n<meta property=\"og:type\" content=\"article\" \/>\n<meta property=\"og:title\" content=\"\u00danete\" \/>\n<meta property=\"og:description\" content=\"[vc_row][vc_column][vc_custom_heading text=&#8221;\u00daNETE A LA RED&#8221; font_container=&#8221;tag:h2|text_align:left|color:%23638b8c|line_height:1.25&#8243; google_fonts=&#8221;font_family:Montserrat%3Aregular%2C700|font_style:700%20bold%20regular%3A700%3Anormal&#8221;][vc_custom_heading text=&#8221;DERECHOS DE LOS MIEMBROS&#8221; font_container=&#8221;tag:h3|text_align:left|color:%23638b8c|line_height:1.25&#8243; google_fonts=&#8221;font_family:Montserrat%3Aregular%2C700|font_style:400%20regular%3A400%3Anormal&#8221;][vc_column_text]Son derechos de los miembros de la Red C\u00e1tedra: Participar activamente en los asuntos y aspectos estrat\u00e9gicos de la C\u00e1tedra. Participar en los proyectos de investigaci\u00f3n, docencia, divulgaci\u00f3n y, en general, en todo tipo de actividades programadas por la C\u00e1tedra. Asistir a los\" \/>\n<meta property=\"og:url\" content=\"https:\/\/innovacioncomercio.org\/index.php\/unete\/\" \/>\n<meta property=\"og:site_name\" content=\"INNOVACION COMERCIO\" \/>\n<meta property=\"article:modified_time\" content=\"2023-11-21T09:58:03+00:00\" \/>\n<meta name=\"twitter:card\" content=\"summary_large_image\" \/>\n<meta name=\"twitter:label1\" content=\"Tiempo de lectura\" \/>\n\t<meta name=\"twitter:data1\" content=\"2 minutos\" \/>\n<script type=\"application\/ld+json\" class=\"yoast-schema-graph\">{\"@context\":\"https:\\\/\\\/schema.org\",\"@graph\":[{\"@type\":\"WebPage\",\"@id\":\"https:\\\/\\\/innovacioncomercio.org\\\/index.php\\\/unete\\\/\",\"url\":\"https:\\\/\\\/innovacioncomercio.org\\\/index.php\\\/unete\\\/\",\"name\":\"\u00danete - INNOVACION COMERCIO\",\"isPartOf\":{\"@id\":\"https:\\\/\\\/innovacioncomercio.org\\\/#website\"},\"datePublished\":\"2021-01-27T18:58:24+00:00\",\"dateModified\":\"2023-11-21T09:58:03+00:00\",\"breadcrumb\":{\"@id\":\"https:\\\/\\\/innovacioncomercio.org\\\/index.php\\\/unete\\\/#breadcrumb\"},\"inLanguage\":\"es\",\"potentialAction\":[{\"@type\":\"ReadAction\",\"target\":[\"https:\\\/\\\/innovacioncomercio.org\\\/index.php\\\/unete\\\/\"]}]},{\"@type\":\"BreadcrumbList\",\"@id\":\"https:\\\/\\\/innovacioncomercio.org\\\/index.php\\\/unete\\\/#breadcrumb\",\"itemListElement\":[{\"@type\":\"ListItem\",\"position\":1,\"name\":\"Portada\",\"item\":\"https:\\\/\\\/innovacioncomercio.org\\\/\"},{\"@type\":\"ListItem\",\"position\":2,\"name\":\"\u00danete\"}]},{\"@type\":\"WebSite\",\"@id\":\"https:\\\/\\\/innovacioncomercio.org\\\/#website\",\"url\":\"https:\\\/\\\/innovacioncomercio.org\\\/\",\"name\":\"INNOVACION COMERCIO\",\"description\":\"C\u00e1tedra de Innovaci\u00f3n para el Comercio\",\"potentialAction\":[{\"@type\":\"SearchAction\",\"target\":{\"@type\":\"EntryPoint\",\"urlTemplate\":\"https:\\\/\\\/innovacioncomercio.org\\\/?s={search_term_string}\"},\"query-input\":{\"@type\":\"PropertyValueSpecification\",\"valueRequired\":true,\"valueName\":\"search_term_string\"}}],\"inLanguage\":\"es\"}]}<\/script>\n<!-- \/ Yoast SEO Premium plugin. -->","yoast_head_json":{"title":"\u00danete - INNOVACION COMERCIO","robots":{"index":"index","follow":"follow","max-snippet":"max-snippet:-1","max-image-preview":"max-image-preview:large","max-video-preview":"max-video-preview:-1"},"canonical":"https:\/\/innovacioncomercio.org\/index.php\/unete\/","og_locale":"es_ES","og_type":"article","og_title":"\u00danete","og_description":"[vc_row][vc_column][vc_custom_heading text=&#8221;\u00daNETE A LA RED&#8221; font_container=&#8221;tag:h2|text_align:left|color:%23638b8c|line_height:1.25&#8243; google_fonts=&#8221;font_family:Montserrat%3Aregular%2C700|font_style:700%20bold%20regular%3A700%3Anormal&#8221;][vc_custom_heading text=&#8221;DERECHOS DE LOS MIEMBROS&#8221; font_container=&#8221;tag:h3|text_align:left|color:%23638b8c|line_height:1.25&#8243; google_fonts=&#8221;font_family:Montserrat%3Aregular%2C700|font_style:400%20regular%3A400%3Anormal&#8221;][vc_column_text]Son derechos de los miembros de la Red C\u00e1tedra: Participar activamente en los asuntos y aspectos estrat\u00e9gicos de la C\u00e1tedra. Participar en los proyectos de investigaci\u00f3n, docencia, divulgaci\u00f3n y, en general, en todo tipo de actividades programadas por la C\u00e1tedra. Asistir a los","og_url":"https:\/\/innovacioncomercio.org\/index.php\/unete\/","og_site_name":"INNOVACION COMERCIO","article_modified_time":"2023-11-21T09:58:03+00:00","twitter_card":"summary_large_image","twitter_misc":{"Tiempo de lectura":"2 minutos"},"schema":{"@context":"https:\/\/schema.org","@graph":[{"@type":"WebPage","@id":"https:\/\/innovacioncomercio.org\/index.php\/unete\/","url":"https:\/\/innovacioncomercio.org\/index.php\/unete\/","name":"\u00danete - INNOVACION COMERCIO","isPartOf":{"@id":"https:\/\/innovacioncomercio.org\/#website"},"datePublished":"2021-01-27T18:58:24+00:00","dateModified":"2023-11-21T09:58:03+00:00","breadcrumb":{"@id":"https:\/\/innovacioncomercio.org\/index.php\/unete\/#breadcrumb"},"inLanguage":"es","potentialAction":[{"@type":"ReadAction","target":["https:\/\/innovacioncomercio.org\/index.php\/unete\/"]}]},{"@type":"BreadcrumbList","@id":"https:\/\/innovacioncomercio.org\/index.php\/unete\/#breadcrumb","itemListElement":[{"@type":"ListItem","position":1,"name":"Portada","item":"https:\/\/innovacioncomercio.org\/"},{"@type":"ListItem","position":2,"name":"\u00danete"}]},{"@type":"WebSite","@id":"https:\/\/innovacioncomercio.org\/#website","url":"https:\/\/innovacioncomercio.org\/","name":"INNOVACION COMERCIO","description":"C\u00e1tedra de Innovaci\u00f3n para el Comercio","potentialAction":[{"@type":"SearchAction","target":{"@type":"EntryPoint","urlTemplate":"https:\/\/innovacioncomercio.org\/?s={search_term_string}"},"query-input":{"@type":"PropertyValueSpecification","valueRequired":true,"valueName":"search_term_string"}}],"inLanguage":"es"}]}},"_links":{"self":[{"href":"https:\/\/innovacioncomercio.org\/index.php\/wp-json\/wp\/v2\/pages\/156","targetHints":{"allow":["GET"]}}],"collection":[{"href":"https:\/\/innovacioncomercio.org\/index.php\/wp-json\/wp\/v2\/pages"}],"about":[{"href":"https:\/\/innovacioncomercio.org\/index.php\/wp-json\/wp\/v2\/types\/page"}],"author":[{"embeddable":true,"href":"https:\/\/innovacioncomercio.org\/index.php\/wp-json\/wp\/v2\/users\/1"}],"replies":[{"embeddable":true,"href":"https:\/\/innovacioncomercio.org\/index.php\/wp-json\/wp\/v2\/comments?post=156"}],"version-history":[{"count":10,"href":"https:\/\/innovacioncomercio.org\/index.php\/wp-json\/wp\/v2\/pages\/156\/revisions"}],"predecessor-version":[{"id":3877,"href":"https:\/\/innovacioncomercio.org\/index.php\/wp-json\/wp\/v2\/pages\/156\/revisions\/3877"}],"wp:attachment":[{"href":"https:\/\/innovacioncomercio.org\/index.php\/wp-json\/wp\/v2\/media?parent=156"}],"curies":[{"name":"wp","href":"https:\/\/api.w.org\/{rel}","templated":true}]}}