{"id":1616,"date":"2021-05-07T14:54:14","date_gmt":"2021-05-07T14:54:14","guid":{"rendered":"https:\/\/innovacioncomercio.org\/?page_id=1616"},"modified":"2021-05-10T10:43:56","modified_gmt":"2021-05-10T10:43:56","slug":"advertencias-legales-y-politica-de-privacidad","status":"publish","type":"page","link":"https:\/\/innovacioncomercio.org\/index.php\/advertencias-legales-y-politica-de-privacidad\/","title":{"rendered":"Advertencias Legales y Pol\u00edtica de privacidad"},"content":{"rendered":"<div class=\"wpb-content-wrapper\">[vc_row][vc_column][vc_custom_heading text=&#8221;Advertencias Legales y Pol\u00edtica de privacidad&#8221; font_container=&#8221;tag:h2|text_align:left|color:%23638b8c&#8221; google_fonts=&#8221;font_family:Montserrat%3Aregular%2C700|font_style:700%20bold%20regular%3A700%3Anormal&#8221;][vc_column_text]<strong>1.- Informaci\u00f3n Legal.-<\/strong><\/p>\n<p><strong>\u00a0<\/strong><strong>\u00a0\u00a0\u00a0\u00a0\u00a0\u00a0\u00a0\u00a0\u00a0\u00a0\u00a0 <\/strong>En cumplimiento del art\u00edculo 2 y concordantes de la\u00a0Ley 34\/2002, de 11 de julio, de Servicios de la Sociedad de la Informaci\u00f3n y de Comercio Electr\u00f3nico, declaramos que la presente p\u00e1gina Web ha sido dise\u00f1ada para dar a conocer los servicios y actividades de la entidad \u00a0ofertados por la entidad Asociaci\u00f3n Certamen Empresario del A\u00f1o, con CIF G-47612742, y domicilio situado en la Pza. Campus Universitario, n\u00ba1, 47011, Valladolid, Espa\u00f1a; as\u00ed como para la recepci\u00f3n de posibles usuarios, clientes, contactos comerciales y demandas de empleo.<\/p>\n<p><strong>\u00a0\u00a0\u00a0\u00a0\u00a0\u00a0\u00a0\u00a0\u00a0\u00a0\u00a0 2.- Aceptaci\u00f3n de las condiciones de utilizaci\u00f3n y advertencias:<\/strong><\/p>\n<p><strong>\u00a0\u00a0\u00a0\u00a0\u00a0\u00a0\u00a0\u00a0\u00a0\u00a0\u00a0 <\/strong>El acceso al presente sitio web exige la aceptaci\u00f3n de las normas de utilizaci\u00f3n que en cada momento se encuentren vigentes en esta direcci\u00f3n electr\u00f3nica.<\/p>\n<p>Las condiciones de acceso a este Web estar\u00e1n supeditadas a la legalidad vigente y los principios de la buena fe y uso l\u00edcito por parte del usuario de la misma, quedando prohibido con car\u00e1cter general cualquier tipo de actuaci\u00f3n en perjuicio de Asociaci\u00f3n Certamen Empresario del A\u00f1o. Se obliga a usar los Servicios de forma diligente, correcta y l\u00edcita y, en particular, a t\u00edtulo meramente enunciativo y no limitativo, se compromete a abstenerse de:<\/p>\n<p>(a) utilizar los Servicios de forma, con fines o efectos contrarios a la ley, a la moral y a las buenas costumbres generalmente aceptadas o al orden p\u00fablico;<\/p>\n<p>(b) reproducir o copiar, distribuir, permitir el acceso del p\u00fablico a trav\u00e9s de cualquier modalidad de comunicaci\u00f3n p\u00fablica, transformar o modificar los Servicios, a menos que se cuente con la autorizaci\u00f3n del titular de los correspondientes derechos o ello resulte legalmente permitido;<\/p>\n<p>(c) realizar cualquier acto que pueda ser considerado una vulneraci\u00f3n de cualesquiera derechos de propiedad intelectual o industrial pertenecientes a Asociaci\u00f3n Certamen Empresario del A\u00f1o o a terceros;<\/p>\n<p>(d) emplear los Servicios y, en particular, la informaci\u00f3n de cualquier clase obtenida a trav\u00e9s del Sitio Web para remitir publicidad, comunicaciones con mensajes no solicitados dirigidos a una pluralidad de personas con independencia de su finalidad, as\u00ed como de comercializar o divulgar de cualquier modo dicha informaci\u00f3n;<\/p>\n<p><strong>\u00a0\u00a0\u00a0\u00a0\u00a0\u00a0\u00a0\u00a0\u00a0\u00a0\u00a0 <\/strong>Asociaci\u00f3n Certamen Empresario del A\u00f1o se reserva el derecho de suspender el acceso a su p\u00e1gina Web, sin previo aviso, de forma discrecional y temporal, por razones t\u00e9cnicas o de cualquier otra \u00edndole, pudiendo asimismo modificar unilateralmente tanto las condiciones de acceso, como la totalidad o parte de los contenidos en ella incluidos.<\/p>\n<p><strong>\u00a0\u00a0\u00a0\u00a0\u00a0\u00a0\u00a0\u00a0\u00a0\u00a0\u00a0 3.- Protecci\u00f3n de Datos y Pol\u00edticas de Privacidad<\/strong><\/p>\n<p>A trav\u00e9s de este sitio web no se recaban datos de car\u00e1cter personal de los usuarios sin su conocimiento, ni se ceden a terceros.<\/p>\n<p>Con la finalidad de ofrecerle el mejor servicio y con el objeto de facilitar el uso, se analizan el n\u00famero de p\u00e1ginas visitadas, el n\u00famero de visitas, as\u00ed como la actividad de los visitantes y su frecuencia de utilizaci\u00f3n. A estos efectos, Asociaci\u00f3n Certamen Empresario del A\u00f1o, utiliza la informaci\u00f3n estad\u00edstica elaborada por el Proveedor de Servicios de Internet.<\/p>\n<p><strong>3.1.- <\/strong><strong>Informaci\u00f3n b\u00e1sica sobre protecci\u00f3n de datos<\/strong><\/p>\n<p>A continuaci\u00f3n, le informamos sobre la pol\u00edtica de protecci\u00f3n de datos de Asociaci\u00f3n Certamen Empresario del A\u00f1o, en cumplimiento de los art\u00edculos 13 y 14 del Reglamento (UE) 2016\/679 del Parlamento Europeo y del Consejo, de 27 de abril de 2016, relativo a la protecci\u00f3n de las personas f\u00edsicas, y resto de normativa de aplicaci\u00f3n, en lo que respecta al tratamiento de datos personales y a la libre circulaci\u00f3n de estos datos.<\/p>\n<p><strong>3.2.- <\/strong><strong>Responsable del tratamiento<\/strong><\/p>\n<p>Los datos de car\u00e1cter personal que se pudieran recabar directamente del interesado ser\u00e1n tratados de forma confidencial y quedar\u00e1n incorporados a la correspondiente actividad de tratamiento titularidad de\u00a0Asociaci\u00f3n Certamen Empresario del A\u00f1o, domicilio situado en la Pza. Campus Universitario, n\u00ba1, 47011, Valladolid, Espa\u00f1a.<\/p>\n<p>La relaci\u00f3n actualizada de las actividades de tratamiento que la Asociaci\u00f3n Certamen Empresario del A\u00f1o lleva a cabo se encuentra disponible en el siguiente\u00a0<u>enlace<\/u><\/p>\n<p><strong>3.3.- <\/strong><strong>Finalidad<\/strong><\/p>\n<p>La finalidad del tratamiento de los datos corresponde a cada una de las actividades de tratamiento que realiza Asociaci\u00f3n Certamen Empresario del A\u00f1o y que est\u00e1n accesibles en el\u00a0<a href=\"https:\/\/www.aepd.es\/agencia\/transparencia\/registro-actividades-tratamiento\/index.html\">registro de actividades\u00a0<\/a><u>de tratamiento<\/u>.<\/p>\n<p><strong>3.4.- <\/strong><strong>Legitimaci\u00f3n<\/strong><\/p>\n<p>Puede consultar la base legal para cada una de las actividades de tratamiento que lleva a cabo Asociaci\u00f3n Certamen Empresario del A\u00f1o, en\u00a0el siguiente\u00a0<a href=\"https:\/\/www.aepd.es\/agencia\/transparencia\/registro-actividades-tratamiento\/index.html\">enlace al registro de actividades.<\/a><\/p>\n<p><strong>3.5.- <\/strong><strong>Conservaci\u00f3n de datos<\/strong><\/p>\n<p>Los datos personales proporcionados se conservar\u00e1n durante el tiempo necesario para cumplir con la finalidad para la que se recaban y para determinar las posibles responsabilidades que se pudieran derivar de la finalidad, adem\u00e1s de los per\u00edodos establecidos en la normativa de archivos y documentaci\u00f3n.<\/p>\n<p><strong>3.6.- <\/strong><strong>Comunicaci\u00f3n de datos<\/strong><\/p>\n<p>Con car\u00e1cter general no se comunicar\u00e1n los datos personales a terceros, salvo obligaci\u00f3n legal.<\/p>\n<p>Puede consultar los destinatarios para cada una de las actividades de tratamiento que lleva a cabo Asociaci\u00f3n Certamen Empresario del A\u00f1o en el siguiente enlace.<\/p>\n<p><strong>3.7.- <\/strong><strong>Derechos de los interesados<\/strong><\/p>\n<p>Cualquier persona tiene derecho a obtener confirmaci\u00f3n sobre los tratamientos que de sus datos que se llevan a cabo por Asociaci\u00f3n Certamen Empresario del A\u00f1o.<\/p>\n<p>Puede ejercer sus derechos de acceso, rectificaci\u00f3n, supresi\u00f3n y portabilidad de sus datos, de limitaci\u00f3n y oposici\u00f3n a su tratamiento, dirigi\u00e9ndose a <strong>ASOCIACION CERTAMEN EMPRESARIO DEL A\u00d1O<\/strong>, Pza. Campus Universitario 1, 47011, Valladolid, o bien, en la direcci\u00f3n de correo electr\u00f3nico <a href=\"mailto:comunicacion@innovacioncomercio.org\">comunicacion@innovacioncomercio.org<\/a>, adjuntando copia de su DNI o documento equivalente. Ud. tiene derecho a presentar una reclamaci\u00f3n ante la Agencia Espa\u00f1ola de Protecci\u00f3n de Datos (AEPD), si considera infringidos sus derechos.<\/p>\n<p><strong>4.- Cookies.-<\/strong><\/p>\n<p>Asociaci\u00f3n Certamen Empresario del A\u00f1o comunica a los usuarios, a trav\u00e9s de este aviso, que puede utilizar cookies cuando el usuario navega por las diferentes pantallas y p\u00e1ginas del sitio.<\/p>\n<p>Durante el uso de nuestra p\u00e1gina Web usted acepta y autoriza expresamente el uso de cookies, de acuerdo con nuestra Pol\u00edtica de Privacidad. Una cookie es un archivo de texto muy peque\u00f1o que un servidor web puede guardar en el disco duro de un equipo para almacenar alg\u00fan tipo de informaci\u00f3n sobre el usuario. S\u00f3lo puede ser le\u00edda por el sitio web que lo envi\u00f3 al equipo.<\/p>\n<p>Normalmente los sitios web utilizan las cookies para obtener informaci\u00f3n estad\u00edstica sobre sus p\u00e1ginas web, y analizar el comportamiento de sus clientes.<\/p>\n<p>Una cookie no es un archivo ejecutable ni puede propagar o contener un virus, y no puede tener una longitud superior a 4.000 caracteres.<\/p>\n<p>Usted puede configurar su navegador para aceptar, o no, las cookies que recibe o para que el navegador le avise cuando un servidor quiera guardar una cookie:<\/p>\n<p>Si utiliza Microsoft Internet Explorer, en la opci\u00f3n de men\u00fa Ver, seleccionando Opciones de Internet y accediendo a Opciones Avanzadas. Si utiliza Netscape, en la opci\u00f3n de men\u00fa Edici\u00f3n, seleccionando Preferencias, y accediendo a la categor\u00eda Avanzadas. Si utiliza Mozilla Firefox, en la opci\u00f3n herramientas, seleccionando opciones y accediendo a la pesta\u00f1a privacidad.<\/p>\n<p>Asociaci\u00f3n Certamen Empresario del A\u00f1o le agradece que active la aceptaci\u00f3n de cookies, esto nos ayuda a obtener datos m\u00e1s precisos que nos permiten mejorar el contenido y el dise\u00f1o de nuestra p\u00e1gina web para adaptarlo a sus preferencias.<\/p>\n<p>Asociaci\u00f3n Certamen Empresario del A\u00f1o tambi\u00e9n podr\u00e1 registrar sus direcciones IP para diagnosticar cualquier problema con nuestro servidor, para administrar nuestra p\u00e1gina web y para analizar las tendencias de los usuarios.<\/p>\n<p><strong>5.- Derechos de Propiedad Intelectual e Industrial:<\/strong><\/p>\n<p><strong>\u00a0\u00a0\u00a0\u00a0\u00a0\u00a0\u00a0\u00a0\u00a0\u00a0\u00a0 <\/strong>Todos los contenidos del Sitio Web https:\/\/innovacioncomercio.org\/, tales como textos, gr\u00e1ficos, fotograf\u00edas, logotipos, iconos, im\u00e1genes, as\u00ed como el dise\u00f1o gr\u00e1fico, c\u00f3digo fuente y software, son de la exclusiva propiedad de Asociaci\u00f3n Certamen Empresario del A\u00f1o o de terceros, cuyos derechos al respecto ostenta leg\u00edtimamente Asociaci\u00f3n Certamen Empresario del A\u00f1o, estando por lo tanto protegidos por la legislaci\u00f3n nacional e internacional.<\/p>\n<p>Queda estrictamente prohibido la utilizaci\u00f3n de todos los elementos objeto de propiedad industrial e intelectual con fines comerciales as\u00ed como su distribuci\u00f3n, modificaci\u00f3n, alteraci\u00f3n o descompilaci\u00f3n.<\/p>\n<p><strong>6.- Responsabilidades:<\/strong><\/p>\n<p>Los enlaces o contenidos en el sitio Web de Asociaci\u00f3n Certamen Empresario del A\u00f1o pueden dirigir a p\u00e1ginas Web de terceros, para informar sobre la existencia de diversas fuentes de informaci\u00f3n de inter\u00e9s que ampl\u00ede los contenidos de este sitio web. Asociaci\u00f3n Certamen Empresario del A\u00f1o no es responsable del contenido, validez y exactitud de la informaci\u00f3n contenida en dichos enlaces, ni igualmente, de los posibles da\u00f1os o perjuicios que pudieran acaecer como consecuencia de la utilizaci\u00f3n de conexiones, v\u00ednculos o links de los sitios enlazados ni sobre la exactitud o fiabilidad de los mismos.<\/p>\n<p>Estos servicios de terceros son proporcionados exclusivamente por \u00e9stos, por lo que Asociaci\u00f3n Certamen Empresario del A\u00f1o no puede controlar y no controla la licitud de los Servicios ni su calidad. En consecuencia, el usuario debe extremar la prudencia en la valoraci\u00f3n y utilizaci\u00f3n de la informaci\u00f3n y servicios existentes en los contenidos de terceros.<\/p>\n<p><strong>7.- Ley Aplicable y Jurisdicci\u00f3n:<\/strong><\/p>\n<p>Para todas aquellas cuestiones que pudieran suscitarse con motivo de la interpretaci\u00f3n, ejecuci\u00f3n o eventual incumplimiento de las presentes condiciones de utilizaci\u00f3n, los intervinientes, con renuncia a su fuero propio, y con independencia del lugar donde se suscite cualquier disputa, se someten expresamente a la competencia y jurisdicci\u00f3n de los juzgados y tribunales de la ciudad de Valladolid.<\/p>\n<p>Las presentes condiciones se regir\u00e1n, en todo caso, por la legislaci\u00f3n espa\u00f1ola.[\/vc_column_text][\/vc_column][\/vc_row]\n<\/div>","protected":false},"excerpt":{"rendered":"[vc_row][vc_column][vc_custom_heading text=&#8221;Advertencias Legales y Pol\u00edtica de privacidad&#8221; font_container=&#8221;tag:h2|text_align:left|color:%23638b8c&#8221; google_fonts=&#8221;font_family:Montserrat%3Aregular%2C700|font_style:700%20bold%20regular%3A700%3Anormal&#8221;][vc_column_text]1.- Informaci\u00f3n Legal.- \u00a0\u00a0\u00a0\u00a0\u00a0\u00a0\u00a0\u00a0\u00a0\u00a0\u00a0\u00a0 En cumplimiento del art\u00edculo 2 y concordantes de la\u00a0Ley 34\/2002, de 11 de julio, de Servicios de la Sociedad de la Informaci\u00f3n y de Comercio Electr\u00f3nico, declaramos que la presente p\u00e1gina Web ha sido dise\u00f1ada para dar a conocer los servicios y actividades<\/p>\n","protected":false},"author":1,"featured_media":0,"parent":0,"menu_order":0,"comment_status":"closed","ping_status":"closed","template":"","meta":{"_bbp_topic_count":0,"_bbp_reply_count":0,"_bbp_total_topic_count":0,"_bbp_total_reply_count":0,"_bbp_voice_count":0,"_bbp_anonymous_reply_count":0,"_bbp_topic_count_hidden":0,"_bbp_reply_count_hidden":0,"_bbp_forum_subforum_count":0,"content-type":"","footnotes":""},"class_list":["post-1616","page","type-page","status-publish","hentry"],"yoast_head":"<!-- This site is optimized with the Yoast SEO Premium plugin v19.2.1 (Yoast SEO v27.4) - https:\/\/yoast.com\/product\/yoast-seo-premium-wordpress\/ -->\n<title>Advertencias Legales y Pol\u00edtica de privacidad - INNOVACION COMERCIO<\/title>\n<meta name=\"robots\" content=\"index, follow, max-snippet:-1, max-image-preview:large, max-video-preview:-1\" \/>\n<link rel=\"canonical\" href=\"https:\/\/innovacioncomercio.org\/index.php\/advertencias-legales-y-politica-de-privacidad\/\" \/>\n<meta property=\"og:locale\" content=\"es_ES\" \/>\n<meta property=\"og:type\" content=\"article\" \/>\n<meta property=\"og:title\" content=\"Advertencias Legales y Pol\u00edtica de privacidad\" \/>\n<meta property=\"og:description\" content=\"[vc_row][vc_column][vc_custom_heading text=&#8221;Advertencias Legales y Pol\u00edtica de privacidad&#8221; font_container=&#8221;tag:h2|text_align:left|color:%23638b8c&#8221; google_fonts=&#8221;font_family:Montserrat%3Aregular%2C700|font_style:700%20bold%20regular%3A700%3Anormal&#8221;][vc_column_text]1.- Informaci\u00f3n Legal.- \u00a0\u00a0\u00a0\u00a0\u00a0\u00a0\u00a0\u00a0\u00a0\u00a0\u00a0\u00a0 En cumplimiento del art\u00edculo 2 y concordantes de la\u00a0Ley 34\/2002, de 11 de julio, de Servicios de la Sociedad de la Informaci\u00f3n y de Comercio Electr\u00f3nico, declaramos que la presente p\u00e1gina Web ha sido dise\u00f1ada para dar a conocer los servicios y actividades\" \/>\n<meta property=\"og:url\" content=\"https:\/\/innovacioncomercio.org\/index.php\/advertencias-legales-y-politica-de-privacidad\/\" \/>\n<meta property=\"og:site_name\" content=\"INNOVACION COMERCIO\" \/>\n<meta property=\"article:modified_time\" content=\"2021-05-10T10:43:56+00:00\" \/>\n<meta name=\"twitter:card\" content=\"summary_large_image\" \/>\n<meta name=\"twitter:label1\" content=\"Tiempo de lectura\" \/>\n\t<meta name=\"twitter:data1\" content=\"9 minutos\" \/>\n<script type=\"application\/ld+json\" class=\"yoast-schema-graph\">{\"@context\":\"https:\\\/\\\/schema.org\",\"@graph\":[{\"@type\":\"WebPage\",\"@id\":\"https:\\\/\\\/innovacioncomercio.org\\\/index.php\\\/advertencias-legales-y-politica-de-privacidad\\\/\",\"url\":\"https:\\\/\\\/innovacioncomercio.org\\\/index.php\\\/advertencias-legales-y-politica-de-privacidad\\\/\",\"name\":\"Advertencias Legales y Pol\u00edtica de privacidad - INNOVACION COMERCIO\",\"isPartOf\":{\"@id\":\"https:\\\/\\\/innovacioncomercio.org\\\/#website\"},\"datePublished\":\"2021-05-07T14:54:14+00:00\",\"dateModified\":\"2021-05-10T10:43:56+00:00\",\"breadcrumb\":{\"@id\":\"https:\\\/\\\/innovacioncomercio.org\\\/index.php\\\/advertencias-legales-y-politica-de-privacidad\\\/#breadcrumb\"},\"inLanguage\":\"es\",\"potentialAction\":[{\"@type\":\"ReadAction\",\"target\":[\"https:\\\/\\\/innovacioncomercio.org\\\/index.php\\\/advertencias-legales-y-politica-de-privacidad\\\/\"]}]},{\"@type\":\"BreadcrumbList\",\"@id\":\"https:\\\/\\\/innovacioncomercio.org\\\/index.php\\\/advertencias-legales-y-politica-de-privacidad\\\/#breadcrumb\",\"itemListElement\":[{\"@type\":\"ListItem\",\"position\":1,\"name\":\"Portada\",\"item\":\"https:\\\/\\\/innovacioncomercio.org\\\/\"},{\"@type\":\"ListItem\",\"position\":2,\"name\":\"Advertencias Legales y Pol\u00edtica de privacidad\"}]},{\"@type\":\"WebSite\",\"@id\":\"https:\\\/\\\/innovacioncomercio.org\\\/#website\",\"url\":\"https:\\\/\\\/innovacioncomercio.org\\\/\",\"name\":\"INNOVACION COMERCIO\",\"description\":\"C\u00e1tedra de Innovaci\u00f3n para el Comercio\",\"potentialAction\":[{\"@type\":\"SearchAction\",\"target\":{\"@type\":\"EntryPoint\",\"urlTemplate\":\"https:\\\/\\\/innovacioncomercio.org\\\/?s={search_term_string}\"},\"query-input\":{\"@type\":\"PropertyValueSpecification\",\"valueRequired\":true,\"valueName\":\"search_term_string\"}}],\"inLanguage\":\"es\"}]}<\/script>\n<!-- \/ Yoast SEO Premium plugin. -->","yoast_head_json":{"title":"Advertencias Legales y Pol\u00edtica de privacidad - INNOVACION COMERCIO","robots":{"index":"index","follow":"follow","max-snippet":"max-snippet:-1","max-image-preview":"max-image-preview:large","max-video-preview":"max-video-preview:-1"},"canonical":"https:\/\/innovacioncomercio.org\/index.php\/advertencias-legales-y-politica-de-privacidad\/","og_locale":"es_ES","og_type":"article","og_title":"Advertencias Legales y Pol\u00edtica de privacidad","og_description":"[vc_row][vc_column][vc_custom_heading text=&#8221;Advertencias Legales y Pol\u00edtica de privacidad&#8221; font_container=&#8221;tag:h2|text_align:left|color:%23638b8c&#8221; google_fonts=&#8221;font_family:Montserrat%3Aregular%2C700|font_style:700%20bold%20regular%3A700%3Anormal&#8221;][vc_column_text]1.- Informaci\u00f3n Legal.- \u00a0\u00a0\u00a0\u00a0\u00a0\u00a0\u00a0\u00a0\u00a0\u00a0\u00a0\u00a0 En cumplimiento del art\u00edculo 2 y concordantes de la\u00a0Ley 34\/2002, de 11 de julio, de Servicios de la Sociedad de la Informaci\u00f3n y de Comercio Electr\u00f3nico, declaramos que la presente p\u00e1gina Web ha sido dise\u00f1ada para dar a conocer los servicios y actividades","og_url":"https:\/\/innovacioncomercio.org\/index.php\/advertencias-legales-y-politica-de-privacidad\/","og_site_name":"INNOVACION COMERCIO","article_modified_time":"2021-05-10T10:43:56+00:00","twitter_card":"summary_large_image","twitter_misc":{"Tiempo de lectura":"9 minutos"},"schema":{"@context":"https:\/\/schema.org","@graph":[{"@type":"WebPage","@id":"https:\/\/innovacioncomercio.org\/index.php\/advertencias-legales-y-politica-de-privacidad\/","url":"https:\/\/innovacioncomercio.org\/index.php\/advertencias-legales-y-politica-de-privacidad\/","name":"Advertencias Legales y Pol\u00edtica de privacidad - INNOVACION COMERCIO","isPartOf":{"@id":"https:\/\/innovacioncomercio.org\/#website"},"datePublished":"2021-05-07T14:54:14+00:00","dateModified":"2021-05-10T10:43:56+00:00","breadcrumb":{"@id":"https:\/\/innovacioncomercio.org\/index.php\/advertencias-legales-y-politica-de-privacidad\/#breadcrumb"},"inLanguage":"es","potentialAction":[{"@type":"ReadAction","target":["https:\/\/innovacioncomercio.org\/index.php\/advertencias-legales-y-politica-de-privacidad\/"]}]},{"@type":"BreadcrumbList","@id":"https:\/\/innovacioncomercio.org\/index.php\/advertencias-legales-y-politica-de-privacidad\/#breadcrumb","itemListElement":[{"@type":"ListItem","position":1,"name":"Portada","item":"https:\/\/innovacioncomercio.org\/"},{"@type":"ListItem","position":2,"name":"Advertencias Legales y Pol\u00edtica de privacidad"}]},{"@type":"WebSite","@id":"https:\/\/innovacioncomercio.org\/#website","url":"https:\/\/innovacioncomercio.org\/","name":"INNOVACION COMERCIO","description":"C\u00e1tedra de Innovaci\u00f3n para el Comercio","potentialAction":[{"@type":"SearchAction","target":{"@type":"EntryPoint","urlTemplate":"https:\/\/innovacioncomercio.org\/?s={search_term_string}"},"query-input":{"@type":"PropertyValueSpecification","valueRequired":true,"valueName":"search_term_string"}}],"inLanguage":"es"}]}},"_links":{"self":[{"href":"https:\/\/innovacioncomercio.org\/index.php\/wp-json\/wp\/v2\/pages\/1616","targetHints":{"allow":["GET"]}}],"collection":[{"href":"https:\/\/innovacioncomercio.org\/index.php\/wp-json\/wp\/v2\/pages"}],"about":[{"href":"https:\/\/innovacioncomercio.org\/index.php\/wp-json\/wp\/v2\/types\/page"}],"author":[{"embeddable":true,"href":"https:\/\/innovacioncomercio.org\/index.php\/wp-json\/wp\/v2\/users\/1"}],"replies":[{"embeddable":true,"href":"https:\/\/innovacioncomercio.org\/index.php\/wp-json\/wp\/v2\/comments?post=1616"}],"version-history":[{"count":5,"href":"https:\/\/innovacioncomercio.org\/index.php\/wp-json\/wp\/v2\/pages\/1616\/revisions"}],"predecessor-version":[{"id":1639,"href":"https:\/\/innovacioncomercio.org\/index.php\/wp-json\/wp\/v2\/pages\/1616\/revisions\/1639"}],"wp:attachment":[{"href":"https:\/\/innovacioncomercio.org\/index.php\/wp-json\/wp\/v2\/media?parent=1616"}],"curies":[{"name":"wp","href":"https:\/\/api.w.org\/{rel}","templated":true}]}}