{"id":4169,"date":"2024-10-08T20:01:56","date_gmt":"2024-10-08T18:01:56","guid":{"rendered":"https:\/\/innovacioncomercio.org\/?page_id=4169"},"modified":"2024-10-18T19:35:52","modified_gmt":"2024-10-18T17:35:52","slug":"compra-en-medina","status":"publish","type":"page","link":"https:\/\/innovacioncomercio.org\/index.php\/compra-en-medina\/","title":{"rendered":"Compra en Medina"},"content":{"rendered":"<div class=\"wpb-content-wrapper\">[vc_row][vc_column][vc_column_text]Compra en Medina no es solo un proyecto; es una invitaci\u00f3n a redescubrir el alma de Medina del Campo a trav\u00e9s de su comercio y su gente. Nuestra iniciativa busca revitalizar el coraz\u00f3n comercial de nuestra ciudad, haciendo eco de su hist\u00f3rica vocaci\u00f3n como punto de encuentro para mercaderes y artesanos. Al promover un comercio justo y sostenible, \u201cCompra en Medina\u201d propone un modelo que valora tanto a los comerciantes locales como a los consumidores, ofreciendo experiencias \u00fanicas que solo pueden ser vividas aqu\u00ed, en Medina.<br \/>\nNuestro proyecto se inspira en el legado de las ferias medievales, adaptando su esp\u00edritu emprendedor al mundo contempor\u00e1neo. Con el quiosco de \u201cCompra en Medina\u201d en la Plaza Mayor actuando como s\u00edmbolo y centro de nuestra actividad, reafirmamos nuestro compromiso con la tradici\u00f3n y la innovaci\u00f3n. Este espacio no solo sirve como punto de informaci\u00f3n y encuentro, sino como una representaci\u00f3n f\u00edsica de nuestro esfuerzo por mantener viva la historia comercial de Medina, conectando el pasado con el presente.<br \/>\nCreemos en el impacto positivo que el comercio local tiene en el tejido social y econ\u00f3mico de nuestra ciudad. Por eso, \u201cCompra en Medina\u201d invita a todos a participar en este movimiento: comerciantes, residentes y visitantes. Cada compra, cada interacci\u00f3n, es una pieza clave en el renacer de Medina del Campo.[\/vc_column_text][vc_empty_space][\/vc_column][\/vc_row][vc_row equal_height=&#8221;yes&#8221; content_placement=&#8221;middle&#8221;][vc_column width=&#8221;1\/3&#8243;][vc_single_image image=&#8221;4204&#8243; css=&#8221;&#8221;][\/vc_column][vc_column width=&#8221;1\/3&#8243;]<div class=\" ubtn-ctn-left \"><a class=\"ubtn-link ult-adjust-bottom-margin ubtn-left ubtn-large \" href=\"https:\/\/compraenmedina.es\/\" target=\"_blank\" rel=\"noopener\" ><button type=\"button\" id=\"ubtn-5360\"  class=\"ubtn ult-adjust-bottom-margin ult-responsive ubtn-large ubtn-no-hover-bg  none  ubtn-left   tooltip-69ea2d8eb54fe\"  data-hover=\"\" data-border-color=\"\" data-bg=\"#3963b2\" data-hover-bg=\"\" data-border-hover=\"\" data-shadow-hover=\"\" data-shadow-click=\"none\" data-shadow=\"\" data-shd-shadow=\"\"  data-ultimate-target='#ubtn-5360'  data-responsive-json-new='{\"font-size\":\"\",\"line-height\":\"\"}'  style=\"font-weight:normal;border:none;background: #3963b2;color: #ffffff;\"><span class=\"ubtn-hover\" style=\"background-color:\"><\/span><span class=\"ubtn-data ubtn-text \" >ENTRAR EN COMPRA EN MEDINA<\/span><\/button><\/a><\/div>[\/vc_column][vc_column width=&#8221;1\/3&#8243;]<div class=\" ubtn-ctn-left \"><a class=\"ubtn-link ult-adjust-bottom-margin ubtn-left ubtn-large \" href=\"https:\/\/compraenmedina.consiga.es\/\" target=\"_blank\" rel=\"noopener\" ><button type=\"button\" id=\"ubtn-9511\"  class=\"ubtn ult-adjust-bottom-margin ult-responsive ubtn-large ubtn-no-hover-bg  none  ubtn-left   tooltip-69ea2d8eb556e\"  data-hover=\"\" data-border-color=\"\" data-bg=\"#3963b2\" data-hover-bg=\"\" data-border-hover=\"\" data-shadow-hover=\"\" data-shadow-click=\"none\" data-shadow=\"\" data-shd-shadow=\"\"  data-ultimate-target='#ubtn-9511'  data-responsive-json-new='{\"font-size\":\"\",\"line-height\":\"\"}'  style=\"font-weight:normal;border:none;background: #3963b2;color: #ffffff;\"><span class=\"ubtn-hover\" style=\"background-color:\"><\/span><span class=\"ubtn-data ubtn-text \" >APP DE SORTEOS PARA ACCESO\/LOGIN COMERCIANTES<\/span><\/button><\/a><\/div>[\/vc_column][\/vc_row][vc_row][vc_column][vc_column_text css=&#8221;&#8221;]\n<div id='gallery-1' class='gallery galleryid-4169 gallery-columns-3 gallery-size-thumbnail'><figure class='gallery-item'>\n\t\t\t<div class='gallery-icon landscape'>\n\t\t\t\t<img loading=\"lazy\" decoding=\"async\" width=\"150\" height=\"150\" src=\"https:\/\/innovacioncomercio.org\/wp-content\/uploads\/2024\/10\/Medina-del-Campo-compraenmedina-41-150x150.jpg\" class=\"attachment-thumbnail size-thumbnail\" alt=\"\" \/>\n\t\t\t<\/div><\/figure><figure class='gallery-item'>\n\t\t\t<div class='gallery-icon landscape'>\n\t\t\t\t<img loading=\"lazy\" decoding=\"async\" width=\"150\" height=\"150\" src=\"https:\/\/innovacioncomercio.org\/wp-content\/uploads\/2024\/10\/Medina-del-Campo-compraenmedina-67-150x150.jpg\" class=\"attachment-thumbnail size-thumbnail\" alt=\"\" \/>\n\t\t\t<\/div><\/figure><figure class='gallery-item'>\n\t\t\t<div class='gallery-icon landscape'>\n\t\t\t\t<img loading=\"lazy\" decoding=\"async\" width=\"150\" height=\"150\" src=\"https:\/\/innovacioncomercio.org\/wp-content\/uploads\/2024\/10\/DSC_0113-150x150.jpg\" class=\"attachment-thumbnail size-thumbnail\" alt=\"\" \/>\n\t\t\t<\/div><\/figure><figure class='gallery-item'>\n\t\t\t<div class='gallery-icon landscape'>\n\t\t\t\t<img loading=\"lazy\" decoding=\"async\" width=\"150\" height=\"150\" src=\"https:\/\/innovacioncomercio.org\/wp-content\/uploads\/2024\/10\/Medina-del-Campo-compraenmedina-39-150x150.jpg\" class=\"attachment-thumbnail size-thumbnail\" alt=\"\" \/>\n\t\t\t<\/div><\/figure><figure class='gallery-item'>\n\t\t\t<div class='gallery-icon landscape'>\n\t\t\t\t<img loading=\"lazy\" decoding=\"async\" width=\"150\" height=\"150\" src=\"https:\/\/innovacioncomercio.org\/wp-content\/uploads\/2024\/10\/DSC_0122-150x150.jpg\" class=\"attachment-thumbnail size-thumbnail\" alt=\"\" \/>\n\t\t\t<\/div><\/figure>\n\t\t<\/div>\n\n[\/vc_column_text][\/vc_column][\/vc_row]\n<\/div>","protected":false},"excerpt":{"rendered":"[vc_row][vc_column][vc_column_text]Compra en Medina no es solo un proyecto; es una invitaci\u00f3n a redescubrir el alma de Medina del Campo a trav\u00e9s de su comercio y su gente. Nuestra iniciativa busca revitalizar el coraz\u00f3n comercial de nuestra ciudad, haciendo eco de su hist\u00f3rica vocaci\u00f3n como punto de encuentro para mercaderes y artesanos. Al promover un comercio<\/p>\n","protected":false},"author":1,"featured_media":0,"parent":0,"menu_order":0,"comment_status":"closed","ping_status":"closed","template":"","meta":{"_bbp_topic_count":0,"_bbp_reply_count":0,"_bbp_total_topic_count":0,"_bbp_total_reply_count":0,"_bbp_voice_count":0,"_bbp_anonymous_reply_count":0,"_bbp_topic_count_hidden":0,"_bbp_reply_count_hidden":0,"_bbp_forum_subforum_count":0,"content-type":"","footnotes":""},"class_list":["post-4169","page","type-page","status-publish","hentry"],"yoast_head":"<!-- This site is optimized with the Yoast SEO Premium plugin v19.2.1 (Yoast SEO v27.4) - https:\/\/yoast.com\/product\/yoast-seo-premium-wordpress\/ -->\n<title>Compra en Medina - INNOVACION COMERCIO<\/title>\n<meta name=\"robots\" content=\"index, follow, max-snippet:-1, max-image-preview:large, max-video-preview:-1\" \/>\n<link rel=\"canonical\" href=\"https:\/\/innovacioncomercio.org\/index.php\/compra-en-medina\/\" \/>\n<meta property=\"og:locale\" content=\"es_ES\" \/>\n<meta property=\"og:type\" content=\"article\" \/>\n<meta property=\"og:title\" content=\"Compra en Medina\" \/>\n<meta property=\"og:description\" content=\"[vc_row][vc_column][vc_column_text]Compra en Medina no es solo un proyecto; es una invitaci\u00f3n a redescubrir el alma de Medina del Campo a trav\u00e9s de su comercio y su gente. Nuestra iniciativa busca revitalizar el coraz\u00f3n comercial de nuestra ciudad, haciendo eco de su hist\u00f3rica vocaci\u00f3n como punto de encuentro para mercaderes y artesanos. Al promover un comercio\" \/>\n<meta property=\"og:url\" content=\"https:\/\/innovacioncomercio.org\/index.php\/compra-en-medina\/\" \/>\n<meta property=\"og:site_name\" content=\"INNOVACION COMERCIO\" \/>\n<meta property=\"article:modified_time\" content=\"2024-10-18T17:35:52+00:00\" \/>\n<meta name=\"twitter:card\" content=\"summary_large_image\" \/>\n<meta name=\"twitter:label1\" content=\"Tiempo de lectura\" \/>\n\t<meta name=\"twitter:data1\" content=\"2 minutos\" \/>\n<script type=\"application\/ld+json\" class=\"yoast-schema-graph\">{\"@context\":\"https:\\\/\\\/schema.org\",\"@graph\":[{\"@type\":\"WebPage\",\"@id\":\"https:\\\/\\\/innovacioncomercio.org\\\/index.php\\\/compra-en-medina\\\/\",\"url\":\"https:\\\/\\\/innovacioncomercio.org\\\/index.php\\\/compra-en-medina\\\/\",\"name\":\"Compra en Medina - INNOVACION COMERCIO\",\"isPartOf\":{\"@id\":\"https:\\\/\\\/innovacioncomercio.org\\\/#website\"},\"datePublished\":\"2024-10-08T18:01:56+00:00\",\"dateModified\":\"2024-10-18T17:35:52+00:00\",\"breadcrumb\":{\"@id\":\"https:\\\/\\\/innovacioncomercio.org\\\/index.php\\\/compra-en-medina\\\/#breadcrumb\"},\"inLanguage\":\"es\",\"potentialAction\":[{\"@type\":\"ReadAction\",\"target\":[\"https:\\\/\\\/innovacioncomercio.org\\\/index.php\\\/compra-en-medina\\\/\"]}]},{\"@type\":\"BreadcrumbList\",\"@id\":\"https:\\\/\\\/innovacioncomercio.org\\\/index.php\\\/compra-en-medina\\\/#breadcrumb\",\"itemListElement\":[{\"@type\":\"ListItem\",\"position\":1,\"name\":\"Portada\",\"item\":\"https:\\\/\\\/innovacioncomercio.org\\\/\"},{\"@type\":\"ListItem\",\"position\":2,\"name\":\"Compra en Medina\"}]},{\"@type\":\"WebSite\",\"@id\":\"https:\\\/\\\/innovacioncomercio.org\\\/#website\",\"url\":\"https:\\\/\\\/innovacioncomercio.org\\\/\",\"name\":\"INNOVACION COMERCIO\",\"description\":\"C\u00e1tedra de Innovaci\u00f3n para el Comercio\",\"potentialAction\":[{\"@type\":\"SearchAction\",\"target\":{\"@type\":\"EntryPoint\",\"urlTemplate\":\"https:\\\/\\\/innovacioncomercio.org\\\/?s={search_term_string}\"},\"query-input\":{\"@type\":\"PropertyValueSpecification\",\"valueRequired\":true,\"valueName\":\"search_term_string\"}}],\"inLanguage\":\"es\"}]}<\/script>\n<!-- \/ Yoast SEO Premium plugin. -->","yoast_head_json":{"title":"Compra en Medina - INNOVACION COMERCIO","robots":{"index":"index","follow":"follow","max-snippet":"max-snippet:-1","max-image-preview":"max-image-preview:large","max-video-preview":"max-video-preview:-1"},"canonical":"https:\/\/innovacioncomercio.org\/index.php\/compra-en-medina\/","og_locale":"es_ES","og_type":"article","og_title":"Compra en Medina","og_description":"[vc_row][vc_column][vc_column_text]Compra en Medina no es solo un proyecto; es una invitaci\u00f3n a redescubrir el alma de Medina del Campo a trav\u00e9s de su comercio y su gente. Nuestra iniciativa busca revitalizar el coraz\u00f3n comercial de nuestra ciudad, haciendo eco de su hist\u00f3rica vocaci\u00f3n como punto de encuentro para mercaderes y artesanos. Al promover un comercio","og_url":"https:\/\/innovacioncomercio.org\/index.php\/compra-en-medina\/","og_site_name":"INNOVACION COMERCIO","article_modified_time":"2024-10-18T17:35:52+00:00","twitter_card":"summary_large_image","twitter_misc":{"Tiempo de lectura":"2 minutos"},"schema":{"@context":"https:\/\/schema.org","@graph":[{"@type":"WebPage","@id":"https:\/\/innovacioncomercio.org\/index.php\/compra-en-medina\/","url":"https:\/\/innovacioncomercio.org\/index.php\/compra-en-medina\/","name":"Compra en Medina - INNOVACION COMERCIO","isPartOf":{"@id":"https:\/\/innovacioncomercio.org\/#website"},"datePublished":"2024-10-08T18:01:56+00:00","dateModified":"2024-10-18T17:35:52+00:00","breadcrumb":{"@id":"https:\/\/innovacioncomercio.org\/index.php\/compra-en-medina\/#breadcrumb"},"inLanguage":"es","potentialAction":[{"@type":"ReadAction","target":["https:\/\/innovacioncomercio.org\/index.php\/compra-en-medina\/"]}]},{"@type":"BreadcrumbList","@id":"https:\/\/innovacioncomercio.org\/index.php\/compra-en-medina\/#breadcrumb","itemListElement":[{"@type":"ListItem","position":1,"name":"Portada","item":"https:\/\/innovacioncomercio.org\/"},{"@type":"ListItem","position":2,"name":"Compra en Medina"}]},{"@type":"WebSite","@id":"https:\/\/innovacioncomercio.org\/#website","url":"https:\/\/innovacioncomercio.org\/","name":"INNOVACION COMERCIO","description":"C\u00e1tedra de Innovaci\u00f3n para el Comercio","potentialAction":[{"@type":"SearchAction","target":{"@type":"EntryPoint","urlTemplate":"https:\/\/innovacioncomercio.org\/?s={search_term_string}"},"query-input":{"@type":"PropertyValueSpecification","valueRequired":true,"valueName":"search_term_string"}}],"inLanguage":"es"}]}},"_links":{"self":[{"href":"https:\/\/innovacioncomercio.org\/index.php\/wp-json\/wp\/v2\/pages\/4169","targetHints":{"allow":["GET"]}}],"collection":[{"href":"https:\/\/innovacioncomercio.org\/index.php\/wp-json\/wp\/v2\/pages"}],"about":[{"href":"https:\/\/innovacioncomercio.org\/index.php\/wp-json\/wp\/v2\/types\/page"}],"author":[{"embeddable":true,"href":"https:\/\/innovacioncomercio.org\/index.php\/wp-json\/wp\/v2\/users\/1"}],"replies":[{"embeddable":true,"href":"https:\/\/innovacioncomercio.org\/index.php\/wp-json\/wp\/v2\/comments?post=4169"}],"version-history":[{"count":7,"href":"https:\/\/innovacioncomercio.org\/index.php\/wp-json\/wp\/v2\/pages\/4169\/revisions"}],"predecessor-version":[{"id":4206,"href":"https:\/\/innovacioncomercio.org\/index.php\/wp-json\/wp\/v2\/pages\/4169\/revisions\/4206"}],"wp:attachment":[{"href":"https:\/\/innovacioncomercio.org\/index.php\/wp-json\/wp\/v2\/media?parent=4169"}],"curies":[{"name":"wp","href":"https:\/\/api.w.org\/{rel}","templated":true}]}}